{"id":5,"date":"2021-05-12T10:48:06","date_gmt":"2021-05-12T10:48:06","guid":{"rendered":"https:\/\/yourgatetoevents.de\/dlm-symposium\/?page_id=5"},"modified":"2021-06-03T19:20:23","modified_gmt":"2021-06-03T19:20:23","slug":"home-page","status":"publish","type":"page","link":"https:\/\/yourgatetoevents.de\/dlm-symposium\/","title":{"rendered":"Home page"},"content":{"rendered":"\t\t<div data-elementor-type=\"wp-page\" data-elementor-id=\"5\" class=\"elementor elementor-5\" data-elementor-settings=\"[]\">\n\t\t\t\t\t\t\t<div class=\"elementor-section-wrap\">\n\t\t\t\t\t\t\t<section class=\"elementor-section elementor-top-section elementor-element elementor-element-4621203 elementor-section-boxed elementor-section-height-default elementor-section-height-default\" data-id=\"4621203\" data-element_type=\"section\">\n\t\t\t\t\t\t<div class=\"elementor-container elementor-column-gap-default\">\n\t\t\t\t\t<div class=\"elementor-column elementor-col-50 elementor-top-column elementor-element elementor-element-983e759\" data-id=\"983e759\" data-element_type=\"column\">\n\t\t\t<div class=\"elementor-widget-wrap elementor-element-populated\">\n\t\t\t\t\t\t\t\t<div class=\"elementor-element elementor-element-3cbca1c elementor-widget elementor-widget-image\" data-id=\"3cbca1c\" data-element_type=\"widget\" data-widget_type=\"image.default\">\n\t\t\t\t<div class=\"elementor-widget-container\">\n\t\t\t\t\t\t\t\t\t\t\t\t\t\t\t<img loading=\"lazy\" decoding=\"async\" width=\"380\" height=\"100\" src=\"https:\/\/yourgatetoevents.de\/dlm-symposium\/wp-content\/uploads\/2021\/05\/logo-1.png\" class=\"attachment-full size-full\" alt=\"\" srcset=\"https:\/\/yourgatetoevents.de\/dlm-symposium\/wp-content\/uploads\/2021\/05\/logo-1.png 380w, https:\/\/yourgatetoevents.de\/dlm-symposium\/wp-content\/uploads\/2021\/05\/logo-1-300x79.png 300w\" sizes=\"auto, (max-width: 380px) 100vw, 380px\" \/>\t\t\t\t\t\t\t\t\t\t\t\t\t\t\t<\/div>\n\t\t\t\t<\/div>\n\t\t\t\t\t<\/div>\n\t\t<\/div>\n\t\t\t\t<div class=\"elementor-column elementor-col-50 elementor-top-column elementor-element elementor-element-6cd4d07\" data-id=\"6cd4d07\" data-element_type=\"column\">\n\t\t\t<div class=\"elementor-widget-wrap elementor-element-populated\">\n\t\t\t\t\t\t\t\t<div class=\"elementor-element elementor-element-45018ae elementor-widget elementor-widget-image\" data-id=\"45018ae\" data-element_type=\"widget\" data-widget_type=\"image.default\">\n\t\t\t\t<div class=\"elementor-widget-container\">\n\t\t\t\t\t\t\t\t\t\t\t\t\t\t\t<img loading=\"lazy\" decoding=\"async\" width=\"380\" height=\"100\" src=\"https:\/\/yourgatetoevents.de\/dlm-symposium\/wp-content\/uploads\/2021\/05\/logo2-1.png\" class=\"attachment-full size-full\" alt=\"\" srcset=\"https:\/\/yourgatetoevents.de\/dlm-symposium\/wp-content\/uploads\/2021\/05\/logo2-1.png 380w, https:\/\/yourgatetoevents.de\/dlm-symposium\/wp-content\/uploads\/2021\/05\/logo2-1-300x79.png 300w\" sizes=\"auto, (max-width: 380px) 100vw, 380px\" \/>\t\t\t\t\t\t\t\t\t\t\t\t\t\t\t<\/div>\n\t\t\t\t<\/div>\n\t\t\t\t\t<\/div>\n\t\t<\/div>\n\t\t\t\t\t\t\t<\/div>\n\t\t<\/section>\n\t\t\t\t<section class=\"elementor-section elementor-top-section elementor-element elementor-element-ec07850 elementor-section-boxed elementor-section-height-default elementor-section-height-default\" data-id=\"ec07850\" data-element_type=\"section\" id=\"information\">\n\t\t\t\t\t\t\t<div class=\"elementor-background-overlay\"><\/div>\n\t\t\t\t\t\t\t<div class=\"elementor-container elementor-column-gap-default\">\n\t\t\t\t\t<div class=\"elementor-column elementor-col-50 elementor-top-column elementor-element elementor-element-71fe281\" data-id=\"71fe281\" data-element_type=\"column\">\n\t\t\t<div class=\"elementor-widget-wrap elementor-element-populated\">\n\t\t\t\t\t\t\t\t<div class=\"elementor-element elementor-element-1031a97 elementor-widget elementor-widget-heading\" data-id=\"1031a97\" data-element_type=\"widget\" data-widget_type=\"heading.default\">\n\t\t\t\t<div class=\"elementor-widget-container\">\n\t\t\t<h2 class=\"elementor-heading-title elementor-size-default\">(Des-)Information: Medien und soziale Netzwerke im Superwahljahr<\/h2>\t\t<\/div>\n\t\t\t\t<\/div>\n\t\t\t\t<div class=\"elementor-element elementor-element-df6adc5 elementor-widget elementor-widget-text-editor\" data-id=\"df6adc5\" data-element_type=\"widget\" data-widget_type=\"text-editor.default\">\n\t\t\t\t<div class=\"elementor-widget-container\">\n\t\t\t\t\t\t\t\t<p>2021 ist Superwahljahr in Deutschland: In f\u00fcnf L\u00e4ndern und im Bund wird die Zusammensetzung der Parlamente neu bestimmt.\u00a0 Um die Integrit\u00e4t der Wahlen zu gew\u00e4hrleisten, sind eine ungehinderte Meinungsbildung aus glaubw\u00fcrdigen Quellen und der Schutz vor Falschinformationen und Manipulation unerl\u00e4sslich. Die Verantwortung daf\u00fcr tragen Medien und inzwischen auch soziale Netzwerke, die relevante Intermedi\u00e4re der politischen Kommunikation geworden sind.<\/p><p>Mit dem Inkrafttreten des Medienstaatsvertrags haben die Medienanstalten erweiterte Aufsichtspflichten nicht nur f\u00fcr Online-Medien, sondern vor allem f\u00fcr Intermedi\u00e4re erhalten. Damit kommt ihnen eine wichtige Rolle f\u00fcr die Sicherung der Meinungsvielfalt und f\u00fcr eine faire und faktenbasierte Berichterstattung zu.<\/p><p>Was bedeutet das im Wahljahr? Welche Funktionen haben soziale Medien in Wahlk\u00e4mpfen &#8211; welche Wechselwirkungen gibt es zwischen klassischen Medien und Intermedi\u00e4ren? Wie bereiten sich Medien, soziale Netzwerke, Politik und Medienaufsicht vor? Beim DLM-Symposium diskutieren die verschiedenen Akteurinnen und Akteure, wie sie ihrer Verantwortung f\u00fcr die Integrit\u00e4t des demokratischen Prozesses gerecht werden k\u00f6nnen.<\/p>\t\t\t\t\t\t<\/div>\n\t\t\t\t<\/div>\n\t\t\t\t\t<\/div>\n\t\t<\/div>\n\t\t\t\t<div class=\"elementor-column elementor-col-50 elementor-top-column elementor-element elementor-element-70ac35d\" data-id=\"70ac35d\" data-element_type=\"column\">\n\t\t\t<div class=\"elementor-widget-wrap elementor-element-populated\">\n\t\t\t\t\t\t\t\t<div class=\"elementor-element elementor-element-1f3f4c3 elementor-widget elementor-widget-image\" data-id=\"1f3f4c3\" data-element_type=\"widget\" data-widget_type=\"image.default\">\n\t\t\t\t<div class=\"elementor-widget-container\">\n\t\t\t\t\t\t\t\t\t\t\t\t\t\t\t<img loading=\"lazy\" decoding=\"async\" width=\"1280\" height=\"1015\" src=\"https:\/\/yourgatetoevents.de\/dlm-symposium\/wp-content\/uploads\/2021\/05\/banner.jpg\" class=\"attachment-full size-full\" alt=\"\" srcset=\"https:\/\/yourgatetoevents.de\/dlm-symposium\/wp-content\/uploads\/2021\/05\/banner.jpg 1280w, https:\/\/yourgatetoevents.de\/dlm-symposium\/wp-content\/uploads\/2021\/05\/banner-300x238.jpg 300w, https:\/\/yourgatetoevents.de\/dlm-symposium\/wp-content\/uploads\/2021\/05\/banner-1024x812.jpg 1024w, https:\/\/yourgatetoevents.de\/dlm-symposium\/wp-content\/uploads\/2021\/05\/banner-768x609.jpg 768w\" sizes=\"auto, (max-width: 1280px) 100vw, 1280px\" \/>\t\t\t\t\t\t\t\t\t\t\t\t\t\t\t<\/div>\n\t\t\t\t<\/div>\n\t\t\t\t\t<\/div>\n\t\t<\/div>\n\t\t\t\t\t\t\t<\/div>\n\t\t<\/section>\n\t\t\t\t<section class=\"elementor-section elementor-top-section elementor-element elementor-element-e616e80 elementor-section-boxed elementor-section-height-default elementor-section-height-default\" data-id=\"e616e80\" data-element_type=\"section\" id=\"live\u00fcbertragung\">\n\t\t\t\t\t\t<div class=\"elementor-container elementor-column-gap-default\">\n\t\t\t\t\t<div class=\"elementor-column elementor-col-100 elementor-top-column elementor-element elementor-element-6b83fe9\" data-id=\"6b83fe9\" data-element_type=\"column\">\n\t\t\t<div class=\"elementor-widget-wrap elementor-element-populated\">\n\t\t\t\t\t\t\t\t<div class=\"elementor-element elementor-element-eb8839f elementor-widget elementor-widget-heading\" data-id=\"eb8839f\" data-element_type=\"widget\" data-widget_type=\"heading.default\">\n\t\t\t\t<div class=\"elementor-widget-container\">\n\t\t\t<h2 class=\"elementor-heading-title elementor-size-default\">Live\u00fcbertragung<\/h2>\t\t<\/div>\n\t\t\t\t<\/div>\n\t\t\t\t<div class=\"elementor-element elementor-element-843870f elementor-widget elementor-widget-text-editor\" data-id=\"843870f\" data-element_type=\"widget\" data-widget_type=\"text-editor.default\">\n\t\t\t\t<div class=\"elementor-widget-container\">\n\t\t\t\t\t\t\t\t<iframe loading=\"lazy\" id=\"js3q1997302083\" title=\"3Q SDN\" src=\"https:\/\/playout.3qsdn.com\/embed\/d1d6d5b4-b7ef-11eb-b839-0cc47a188158\" width=\"640px\" height=\"640px\" frameborder=\"0\" scrolling=\"no\" allowfullscreen=\"allowfullscreen\"><\/iframe>\t\t\t\t\t\t<\/div>\n\t\t\t\t<\/div>\n\t\t\t\t\t<\/div>\n\t\t<\/div>\n\t\t\t\t\t\t\t<\/div>\n\t\t<\/section>\n\t\t\t\t<section class=\"elementor-section elementor-top-section elementor-element elementor-element-42240ce elementor-section-boxed elementor-section-height-default elementor-section-height-default\" data-id=\"42240ce\" data-element_type=\"section\" id=\"programm\">\n\t\t\t\t\t\t<div class=\"elementor-container elementor-column-gap-default\">\n\t\t\t\t\t<div class=\"elementor-column elementor-col-100 elementor-top-column elementor-element elementor-element-e3cf39f\" data-id=\"e3cf39f\" data-element_type=\"column\">\n\t\t\t<div class=\"elementor-widget-wrap elementor-element-populated\">\n\t\t\t\t\t\t\t\t<div class=\"elementor-element elementor-element-fd45a83 elementor-widget elementor-widget-heading\" data-id=\"fd45a83\" data-element_type=\"widget\" data-widget_type=\"heading.default\">\n\t\t\t\t<div class=\"elementor-widget-container\">\n\t\t\t<h2 class=\"elementor-heading-title elementor-size-default\">Programm DLM-Symposium 2021 <\/h2>\t\t<\/div>\n\t\t\t\t<\/div>\n\t\t\t\t<section class=\"elementor-section elementor-inner-section elementor-element elementor-element-0d5549a elementor-section-boxed elementor-section-height-default elementor-section-height-default\" data-id=\"0d5549a\" data-element_type=\"section\">\n\t\t\t\t\t\t<div class=\"elementor-container elementor-column-gap-default\">\n\t\t\t\t\t<div class=\"elementor-column elementor-col-50 elementor-inner-column elementor-element elementor-element-965524f blue\" data-id=\"965524f\" data-element_type=\"column\">\n\t\t\t<div class=\"elementor-widget-wrap elementor-element-populated\">\n\t\t\t\t\t\t\t\t<div class=\"elementor-element elementor-element-10c89da elementor-widget elementor-widget-text-editor\" data-id=\"10c89da\" data-element_type=\"widget\" data-widget_type=\"text-editor.default\">\n\t\t\t\t<div class=\"elementor-widget-container\">\n\t\t\t\t\t\t\t\t<p>14.00 Uhr<\/p>\t\t\t\t\t\t<\/div>\n\t\t\t\t<\/div>\n\t\t\t\t\t<\/div>\n\t\t<\/div>\n\t\t\t\t<div class=\"elementor-column elementor-col-50 elementor-inner-column elementor-element elementor-element-5393eb9\" data-id=\"5393eb9\" data-element_type=\"column\">\n\t\t\t<div class=\"elementor-widget-wrap elementor-element-populated\">\n\t\t\t\t\t\t\t\t<div class=\"elementor-element elementor-element-ae4e1bd elementor-widget elementor-widget-heading\" data-id=\"ae4e1bd\" data-element_type=\"widget\" data-widget_type=\"heading.default\">\n\t\t\t\t<div class=\"elementor-widget-container\">\n\t\t\t<h5 class=\"elementor-heading-title elementor-size-default\">Einf\u00fchrung<\/h5>\t\t<\/div>\n\t\t\t\t<\/div>\n\t\t\t\t<div class=\"elementor-element elementor-element-acb1602 elementor-widget elementor-widget-text-editor\" data-id=\"acb1602\" data-element_type=\"widget\" data-widget_type=\"text-editor.default\">\n\t\t\t\t<div class=\"elementor-widget-container\">\n\t\t\t\t\t\t\t\t<p><strong>Dr. Wolfgang Krei\u00dfig<\/strong>, Vorsitzender der Direktorenkonferenz der Landesmedienanstalten (DLM), Pr\u00e4sident der Landesanstalt f\u00fcr Kommunikation Baden-W\u00fcrttemberg<\/p>\t\t\t\t\t\t<\/div>\n\t\t\t\t<\/div>\n\t\t\t\t\t<\/div>\n\t\t<\/div>\n\t\t\t\t\t\t\t<\/div>\n\t\t<\/section>\n\t\t\t\t<section class=\"elementor-section elementor-inner-section elementor-element elementor-element-c68f676 elementor-section-boxed elementor-section-height-default elementor-section-height-default\" data-id=\"c68f676\" data-element_type=\"section\">\n\t\t\t\t\t\t<div class=\"elementor-container elementor-column-gap-default\">\n\t\t\t\t\t<div class=\"elementor-column elementor-col-50 elementor-inner-column elementor-element elementor-element-0beccae blue\" data-id=\"0beccae\" data-element_type=\"column\">\n\t\t\t<div class=\"elementor-widget-wrap elementor-element-populated\">\n\t\t\t\t\t\t\t\t<div class=\"elementor-element elementor-element-97c60ab elementor-widget elementor-widget-text-editor\" data-id=\"97c60ab\" data-element_type=\"widget\" data-widget_type=\"text-editor.default\">\n\t\t\t\t<div class=\"elementor-widget-container\">\n\t\t\t\t\t\t\t\t<p>14.05 Uhr<\/p>\t\t\t\t\t\t<\/div>\n\t\t\t\t<\/div>\n\t\t\t\t\t<\/div>\n\t\t<\/div>\n\t\t\t\t<div class=\"elementor-column elementor-col-50 elementor-inner-column elementor-element elementor-element-4688c9b\" data-id=\"4688c9b\" data-element_type=\"column\">\n\t\t\t<div class=\"elementor-widget-wrap elementor-element-populated\">\n\t\t\t\t\t\t\t\t<div class=\"elementor-element elementor-element-48c6323 elementor-widget elementor-widget-text-editor\" data-id=\"48c6323\" data-element_type=\"widget\" data-widget_type=\"text-editor.default\">\n\t\t\t\t<div class=\"elementor-widget-container\">\n\t\t\t\t\t\t\t\t<p>Chancen und Risiken neuer Kommunikationsmittel f\u00fcr die \u00d6ffentlichkeit und repr\u00e4sentative Demokratie<\/p>\t\t\t\t\t\t<\/div>\n\t\t\t\t<\/div>\n\t\t\t\t<div class=\"elementor-element elementor-element-6688196 elementor-widget elementor-widget-heading\" data-id=\"6688196\" data-element_type=\"widget\" data-widget_type=\"heading.default\">\n\t\t\t\t<div class=\"elementor-widget-container\">\n\t\t\t<h5 class=\"elementor-heading-title elementor-size-default\">Keynote<\/h5>\t\t<\/div>\n\t\t\t\t<\/div>\n\t\t\t\t<div class=\"elementor-element elementor-element-349b062 elementor-widget elementor-widget-text-editor\" data-id=\"349b062\" data-element_type=\"widget\" data-widget_type=\"text-editor.default\">\n\t\t\t\t<div class=\"elementor-widget-container\">\n\t\t\t\t\t\t\t\t<p><strong>Dr. Wolfgang Sch\u00e4uble<\/strong>, Pr\u00e4sident des Deutschen Bundestages<\/p>\t\t\t\t\t\t<\/div>\n\t\t\t\t<\/div>\n\t\t\t\t\t<\/div>\n\t\t<\/div>\n\t\t\t\t\t\t\t<\/div>\n\t\t<\/section>\n\t\t\t\t<section class=\"elementor-section elementor-inner-section elementor-element elementor-element-7b5458a elementor-section-boxed elementor-section-height-default elementor-section-height-default\" data-id=\"7b5458a\" data-element_type=\"section\">\n\t\t\t\t\t\t<div class=\"elementor-container elementor-column-gap-default\">\n\t\t\t\t\t<div class=\"elementor-column elementor-col-50 elementor-inner-column elementor-element elementor-element-626df38 blue\" data-id=\"626df38\" data-element_type=\"column\">\n\t\t\t<div class=\"elementor-widget-wrap elementor-element-populated\">\n\t\t\t\t\t\t\t\t<div class=\"elementor-element elementor-element-5fef6c8 elementor-widget elementor-widget-text-editor\" data-id=\"5fef6c8\" data-element_type=\"widget\" data-widget_type=\"text-editor.default\">\n\t\t\t\t<div class=\"elementor-widget-container\">\n\t\t\t\t\t\t\t\t<p>14.20 Uhr<\/p>\t\t\t\t\t\t<\/div>\n\t\t\t\t<\/div>\n\t\t\t\t\t<\/div>\n\t\t<\/div>\n\t\t\t\t<div class=\"elementor-column elementor-col-50 elementor-inner-column elementor-element elementor-element-3334bc1\" data-id=\"3334bc1\" data-element_type=\"column\">\n\t\t\t<div class=\"elementor-widget-wrap elementor-element-populated\">\n\t\t\t\t\t\t\t\t<div class=\"elementor-element elementor-element-9b2e3be elementor-widget elementor-widget-text-editor\" data-id=\"9b2e3be\" data-element_type=\"widget\" data-widget_type=\"text-editor.default\">\n\t\t\t\t<div class=\"elementor-widget-container\">\n\t\t\t\t\t\t\t\t<p>Wie Desinformation im Internet strategisch verbreitet wird<\/p>\t\t\t\t\t\t<\/div>\n\t\t\t\t<\/div>\n\t\t\t\t<div class=\"elementor-element elementor-element-b7ab423 elementor-widget elementor-widget-heading\" data-id=\"b7ab423\" data-element_type=\"widget\" data-widget_type=\"heading.default\">\n\t\t\t\t<div class=\"elementor-widget-container\">\n\t\t\t<h5 class=\"elementor-heading-title elementor-size-default\">Interview mit<\/h5>\t\t<\/div>\n\t\t\t\t<\/div>\n\t\t\t\t<div class=\"elementor-element elementor-element-560224f elementor-widget elementor-widget-text-editor\" data-id=\"560224f\" data-element_type=\"widget\" data-widget_type=\"text-editor.default\">\n\t\t\t\t<div class=\"elementor-widget-container\">\n\t\t\t\t\t\t\t\t<p><strong>Dr. Lena Frischlich<\/strong>, Forschungsgruppenleitung, Institut f\u00fcr Kommunikationswissenschaft, Universit\u00e4t M\u00fcnster<\/p>\t\t\t\t\t\t<\/div>\n\t\t\t\t<\/div>\n\t\t\t\t\t<\/div>\n\t\t<\/div>\n\t\t\t\t\t\t\t<\/div>\n\t\t<\/section>\n\t\t\t\t<section class=\"elementor-section elementor-inner-section elementor-element elementor-element-3bc5457 elementor-section-boxed elementor-section-height-default elementor-section-height-default\" data-id=\"3bc5457\" data-element_type=\"section\">\n\t\t\t\t\t\t<div class=\"elementor-container elementor-column-gap-default\">\n\t\t\t\t\t<div class=\"elementor-column elementor-col-50 elementor-inner-column elementor-element elementor-element-7120b87 blue\" data-id=\"7120b87\" data-element_type=\"column\">\n\t\t\t<div class=\"elementor-widget-wrap elementor-element-populated\">\n\t\t\t\t\t\t\t\t<div class=\"elementor-element elementor-element-07737a9 elementor-widget elementor-widget-text-editor\" data-id=\"07737a9\" data-element_type=\"widget\" data-widget_type=\"text-editor.default\">\n\t\t\t\t<div class=\"elementor-widget-container\">\n\t\t\t\t\t\t\t\t<p>14.35 Uhr<\/p>\t\t\t\t\t\t<\/div>\n\t\t\t\t<\/div>\n\t\t\t\t\t<\/div>\n\t\t<\/div>\n\t\t\t\t<div class=\"elementor-column elementor-col-50 elementor-inner-column elementor-element elementor-element-1694cac\" data-id=\"1694cac\" data-element_type=\"column\">\n\t\t\t<div class=\"elementor-widget-wrap elementor-element-populated\">\n\t\t\t\t\t\t\t\t<div class=\"elementor-element elementor-element-89701b3 elementor-widget elementor-widget-text-editor\" data-id=\"89701b3\" data-element_type=\"widget\" data-widget_type=\"text-editor.default\">\n\t\t\t\t<div class=\"elementor-widget-container\">\n\t\t\t\t\t\t\t\t<p>Was die Medienanstalten gegen Desinformation unternehmen<\/p>\t\t\t\t\t\t<\/div>\n\t\t\t\t<\/div>\n\t\t\t\t<div class=\"elementor-element elementor-element-66ec45f elementor-widget elementor-widget-heading\" data-id=\"66ec45f\" data-element_type=\"widget\" data-widget_type=\"heading.default\">\n\t\t\t\t<div class=\"elementor-widget-container\">\n\t\t\t<h5 class=\"elementor-heading-title elementor-size-default\">Werkstattbericht<\/h5>\t\t<\/div>\n\t\t\t\t<\/div>\n\t\t\t\t<div class=\"elementor-element elementor-element-8f739cc elementor-widget elementor-widget-text-editor\" data-id=\"8f739cc\" data-element_type=\"widget\" data-widget_type=\"text-editor.default\">\n\t\t\t\t<div class=\"elementor-widget-container\">\n\t\t\t\t\t\t\t\t<p><strong>Dr. Tobias Schmid<\/strong>, Direktor der Landesanstalt f\u00fcr Medien NRW und Themenverantwortlicher Desinformation der DLM<\/p>\t\t\t\t\t\t<\/div>\n\t\t\t\t<\/div>\n\t\t\t\t\t<\/div>\n\t\t<\/div>\n\t\t\t\t\t\t\t<\/div>\n\t\t<\/section>\n\t\t\t\t<section class=\"elementor-section elementor-inner-section elementor-element elementor-element-563643d elementor-section-boxed elementor-section-height-default elementor-section-height-default\" data-id=\"563643d\" data-element_type=\"section\">\n\t\t\t\t\t\t<div class=\"elementor-container elementor-column-gap-default\">\n\t\t\t\t\t<div class=\"elementor-column elementor-col-50 elementor-inner-column elementor-element elementor-element-7461682 blue\" data-id=\"7461682\" data-element_type=\"column\">\n\t\t\t<div class=\"elementor-widget-wrap elementor-element-populated\">\n\t\t\t\t\t\t\t\t<div class=\"elementor-element elementor-element-fa527fb elementor-widget elementor-widget-text-editor\" data-id=\"fa527fb\" data-element_type=\"widget\" data-widget_type=\"text-editor.default\">\n\t\t\t\t<div class=\"elementor-widget-container\">\n\t\t\t\t\t\t\t\t<p>14.45 Uhr<\/p>\t\t\t\t\t\t<\/div>\n\t\t\t\t<\/div>\n\t\t\t\t\t<\/div>\n\t\t<\/div>\n\t\t\t\t<div class=\"elementor-column elementor-col-50 elementor-inner-column elementor-element elementor-element-4272e99\" data-id=\"4272e99\" data-element_type=\"column\">\n\t\t\t<div class=\"elementor-widget-wrap elementor-element-populated\">\n\t\t\t\t\t\t\t\t<div class=\"elementor-element elementor-element-174ea15 elementor-widget elementor-widget-text-editor\" data-id=\"174ea15\" data-element_type=\"widget\" data-widget_type=\"text-editor.default\">\n\t\t\t\t<div class=\"elementor-widget-container\">\n\t\t\t\t\t\t\t\t<p>Wie viel Regulierung braucht Meinungsfreiheit \u2013 wie viel vertr\u00e4gt sie?<\/p>\t\t\t\t\t\t<\/div>\n\t\t\t\t<\/div>\n\t\t\t\t<div class=\"elementor-element elementor-element-f67cf34 elementor-widget elementor-widget-heading\" data-id=\"f67cf34\" data-element_type=\"widget\" data-widget_type=\"heading.default\">\n\t\t\t\t<div class=\"elementor-widget-container\">\n\t\t\t<h5 class=\"elementor-heading-title elementor-size-default\">Impuls<\/h5>\t\t<\/div>\n\t\t\t\t<\/div>\n\t\t\t\t<div class=\"elementor-element elementor-element-2789698 elementor-widget elementor-widget-text-editor\" data-id=\"2789698\" data-element_type=\"widget\" data-widget_type=\"text-editor.default\">\n\t\t\t\t<div class=\"elementor-widget-container\">\n\t\t\t\t\t\t\t\t<p><strong>V\u011bra Jourov\u00e1<\/strong>, Vizepr\u00e4sidentin der Europ\u00e4ischen Kommission f\u00fcr Werte und Transparenz <em>(in englischer Sprache)<\/em><\/p>\t\t\t\t\t\t<\/div>\n\t\t\t\t<\/div>\n\t\t\t\t<div class=\"elementor-element elementor-element-aa1d0da elementor-widget elementor-widget-heading\" data-id=\"aa1d0da\" data-element_type=\"widget\" data-widget_type=\"heading.default\">\n\t\t\t\t<div class=\"elementor-widget-container\">\n\t\t\t<h5 class=\"elementor-heading-title elementor-size-default\">Diskussion<\/h5>\t\t<\/div>\n\t\t\t\t<\/div>\n\t\t\t\t<div class=\"elementor-element elementor-element-2454220 elementor-widget elementor-widget-text-editor\" data-id=\"2454220\" data-element_type=\"widget\" data-widget_type=\"text-editor.default\">\n\t\t\t\t<div class=\"elementor-widget-container\">\n\t\t\t\t\t\t\t\t<p><strong>Markus Beckedahl<\/strong>, Gr\u00fcnder und Chefredakteur von netzpolitik.org, Mitglied im Medienrat der Medienanstalt Berlin-Brandenburg<\/p><p><strong>Dr. Wolfgang Krei\u00dfig<\/strong>, Vorsitzender der Direktorenkonferenz der Landesmedienanstalten<\/p><p><strong>Nina Morschh\u00e4user<\/strong>, Head of Public Policy, Government and Philanthropy, Twitter Deutschland<\/p><p><strong>Sonja Schwetje<\/strong>, Chefredakteurin Netzwerke, RTL News<\/p><p><strong>Marie-Teresa Weber<\/strong>, Public Policy Manager DACH, Facebook<\/p>\t\t\t\t\t\t<\/div>\n\t\t\t\t<\/div>\n\t\t\t\t\t<\/div>\n\t\t<\/div>\n\t\t\t\t\t\t\t<\/div>\n\t\t<\/section>\n\t\t\t\t<section class=\"elementor-section elementor-inner-section elementor-element elementor-element-81e962d elementor-section-boxed elementor-section-height-default elementor-section-height-default\" data-id=\"81e962d\" data-element_type=\"section\">\n\t\t\t\t\t\t<div class=\"elementor-container elementor-column-gap-default\">\n\t\t\t\t\t<div class=\"elementor-column elementor-col-50 elementor-inner-column elementor-element elementor-element-1cd5e29 blue\" data-id=\"1cd5e29\" data-element_type=\"column\">\n\t\t\t<div class=\"elementor-widget-wrap elementor-element-populated\">\n\t\t\t\t\t\t\t\t<div class=\"elementor-element elementor-element-fba94ac elementor-widget elementor-widget-text-editor\" data-id=\"fba94ac\" data-element_type=\"widget\" data-widget_type=\"text-editor.default\">\n\t\t\t\t<div class=\"elementor-widget-container\">\n\t\t\t\t\t\t\t\t<p>15.45 Uhr<\/p>\t\t\t\t\t\t<\/div>\n\t\t\t\t<\/div>\n\t\t\t\t\t<\/div>\n\t\t<\/div>\n\t\t\t\t<div class=\"elementor-column elementor-col-50 elementor-inner-column elementor-element elementor-element-811f80c\" data-id=\"811f80c\" data-element_type=\"column\">\n\t\t\t<div class=\"elementor-widget-wrap elementor-element-populated\">\n\t\t\t\t\t\t\t\t<div class=\"elementor-element elementor-element-8c85ee3 elementor-widget elementor-widget-heading\" data-id=\"8c85ee3\" data-element_type=\"widget\" data-widget_type=\"heading.default\">\n\t\t\t\t<div class=\"elementor-widget-container\">\n\t\t\t<h5 class=\"elementor-heading-title elementor-size-default\">Ende der Veranstaltung<\/h5>\t\t<\/div>\n\t\t\t\t<\/div>\n\t\t\t\t<div class=\"elementor-element elementor-element-5075f3d elementor-widget elementor-widget-text-editor\" data-id=\"5075f3d\" data-element_type=\"widget\" data-widget_type=\"text-editor.default\">\n\t\t\t\t<div class=\"elementor-widget-container\">\n\t\t\t\t\t\t\t\t<p><strong>Moderation: Constantin<\/strong> Schreiber, Journalist und Autor<\/p>\t\t\t\t\t\t<\/div>\n\t\t\t\t<\/div>\n\t\t\t\t\t<\/div>\n\t\t<\/div>\n\t\t\t\t\t\t\t<\/div>\n\t\t<\/section>\n\t\t\t\t<div class=\"elementor-element elementor-element-30c25d6 elementor-widget elementor-widget-text-editor\" data-id=\"30c25d6\" data-element_type=\"widget\" data-widget_type=\"text-editor.default\">\n\t\t\t\t<div class=\"elementor-widget-container\">\n\t\t\t\t\t\t\t\t<p>Weitere Informationen \u00fcber die Medienanstalten finden Sie <a href=\"https:\/\/www.die-medienanstalten.de\/\">hier<\/a>.<\/p><p>\u00a0<\/p><p>Kontakt:<\/p><p>die medienanstalten \u2013 Gemeinsame Gesch\u00e4ftsstelle<\/p><p>Friedrichstra\u00dfe 60 \u2022 D-10117 Berlin<\/p><p>Telefon: +49 (0)30 2064690-0 \u2022 Telefax: +49 (0)30 2064690-99<\/p>\t\t\t\t\t\t<\/div>\n\t\t\t\t<\/div>\n\t\t\t\t\t<\/div>\n\t\t<\/div>\n\t\t\t\t\t\t\t<\/div>\n\t\t<\/section>\n\t\t\t\t\t\t<\/div>\n\t\t\t\t\t<\/div>\n\t\t","protected":false},"excerpt":{"rendered":"<p>(Des-)Information: Medien und soziale Netzwerke im Superwahljahr 2021 ist Superwahljahr in Deutschland: In f\u00fcnf L\u00e4ndern und im Bund wird die Zusammensetzung der Parlamente neu bestimmt.\u00a0 Um die Integrit\u00e4t der Wahlen zu gew\u00e4hrleisten, sind eine ungehinderte Meinungsbildung aus glaubw\u00fcrdigen Quellen und der Schutz vor Falschinformationen und Manipulation unerl\u00e4sslich. Die Verantwortung daf\u00fcr tragen Medien und inzwischen auch [&hellip;]<\/p>\n","protected":false},"author":1,"featured_media":0,"parent":0,"menu_order":0,"comment_status":"closed","ping_status":"closed","template":"","meta":{"footnotes":""},"class_list":["post-5","page","type-page","status-publish","hentry"],"_links":{"self":[{"href":"https:\/\/yourgatetoevents.de\/dlm-symposium\/wp-json\/wp\/v2\/pages\/5","targetHints":{"allow":["GET"]}}],"collection":[{"href":"https:\/\/yourgatetoevents.de\/dlm-symposium\/wp-json\/wp\/v2\/pages"}],"about":[{"href":"https:\/\/yourgatetoevents.de\/dlm-symposium\/wp-json\/wp\/v2\/types\/page"}],"author":[{"embeddable":true,"href":"https:\/\/yourgatetoevents.de\/dlm-symposium\/wp-json\/wp\/v2\/users\/1"}],"replies":[{"embeddable":true,"href":"https:\/\/yourgatetoevents.de\/dlm-symposium\/wp-json\/wp\/v2\/comments?post=5"}],"version-history":[{"count":103,"href":"https:\/\/yourgatetoevents.de\/dlm-symposium\/wp-json\/wp\/v2\/pages\/5\/revisions"}],"predecessor-version":[{"id":235,"href":"https:\/\/yourgatetoevents.de\/dlm-symposium\/wp-json\/wp\/v2\/pages\/5\/revisions\/235"}],"wp:attachment":[{"href":"https:\/\/yourgatetoevents.de\/dlm-symposium\/wp-json\/wp\/v2\/media?parent=5"}],"curies":[{"name":"wp","href":"https:\/\/api.w.org\/{rel}","templated":true}]}}