{"id":5,"date":"2021-02-19T10:58:45","date_gmt":"2021-02-19T10:58:45","guid":{"rendered":"http:\/\/channel.demo.u-host.in\/?page_id=5"},"modified":"2021-05-21T07:50:36","modified_gmt":"2021-05-21T07:50:36","slug":"main-page","status":"publish","type":"page","link":"https:\/\/yourgatetoevents.de\/arte\/","title":{"rendered":"Main Page"},"content":{"rendered":"\t\t<div data-elementor-type=\"wp-page\" data-elementor-id=\"5\" class=\"elementor elementor-5\" data-elementor-settings=\"[]\">\n\t\t\t\t\t\t\t<div class=\"elementor-section-wrap\">\n\t\t\t\t\t\t\t<section class=\"elementor-section elementor-top-section elementor-element elementor-element-365841a elementor-section-height-full elementor-section-items-top elementor-section-boxed elementor-section-height-default\" data-id=\"365841a\" data-element_type=\"section\" id=\"filmpremiere\" data-settings=\"{&quot;background_background&quot;:&quot;classic&quot;}\">\n\t\t\t\t\t\t<div class=\"elementor-container elementor-column-gap-default\">\n\t\t\t\t\t<div class=\"elementor-column elementor-col-100 elementor-top-column elementor-element elementor-element-71f6448\" data-id=\"71f6448\" data-element_type=\"column\">\n\t\t\t<div class=\"elementor-widget-wrap elementor-element-populated\">\n\t\t\t\t\t\t\t\t<section class=\"elementor-section elementor-inner-section elementor-element elementor-element-62ede44 elementor-section-boxed elementor-section-height-default elementor-section-height-default\" data-id=\"62ede44\" data-element_type=\"section\">\n\t\t\t\t\t\t<div class=\"elementor-container elementor-column-gap-default\">\n\t\t\t\t\t<div class=\"elementor-column elementor-col-33 elementor-inner-column elementor-element elementor-element-2316b32\" data-id=\"2316b32\" data-element_type=\"column\">\n\t\t\t<div class=\"elementor-widget-wrap elementor-element-populated\">\n\t\t\t\t\t\t\t\t<div class=\"elementor-element elementor-element-1c05073 logo_main_screen elementor-widget elementor-widget-image\" data-id=\"1c05073\" data-element_type=\"widget\" data-widget_type=\"image.default\">\n\t\t\t\t<div class=\"elementor-widget-container\">\n\t\t\t\t\t<div class=\"elementor-image\">\n\t\t\t\t\t\t\t\t\t\t<img loading=\"lazy\" decoding=\"async\" width=\"43\" height=\"180\" src=\"https:\/\/yourgatetoevents.de\/arte\/wp-content\/uploads\/2021\/02\/logoVert-1.png\" class=\"attachment-large size-large\" alt=\"\" \/>\t\t\t\t\t\t\t\t\t\t\t<\/div>\n\t\t\t\t<\/div>\n\t\t\t\t<\/div>\n\t\t\t\t\t<\/div>\n\t\t<\/div>\n\t\t\t\t<div class=\"elementor-column elementor-col-33 elementor-inner-column elementor-element elementor-element-3f6a772\" data-id=\"3f6a772\" data-element_type=\"column\">\n\t\t\t<div class=\"elementor-widget-wrap elementor-element-populated\">\n\t\t\t\t\t\t\t\t<div class=\"elementor-element elementor-element-c88806e main_title elementor-widget elementor-widget-heading\" data-id=\"c88806e\" data-element_type=\"widget\" data-widget_type=\"heading.default\">\n\t\t\t\t<div class=\"elementor-widget-container\">\n\t\t\t<h1 class=\"elementor-heading-title elementor-size-default\">SNEAK-PREVIEW<\/h1>\t\t<\/div>\n\t\t\t\t<\/div>\n\t\t\t\t<div class=\"elementor-element elementor-element-8777aa6 elementor-widget elementor-widget-text-editor\" data-id=\"8777aa6\" data-element_type=\"widget\" data-widget_type=\"text-editor.default\">\n\t\t\t\t<div class=\"elementor-widget-container\">\n\t\t\t\t\t<div class=\"elementor-text-editor elementor-clearfix\"><h2><b>St\u00f6rfaktor Kunst<br \/><\/b><\/h2><p>Dienstag, 25. Mai, 19 Uhr<\/p><\/div>\n\t\t\t\t<\/div>\n\t\t\t\t<\/div>\n\t\t\t\t<div class=\"elementor-element elementor-element-1f7ab6e elementor-widget elementor-widget-button\" data-id=\"1f7ab6e\" data-element_type=\"widget\" data-widget_type=\"button.default\">\n\t\t\t\t<div class=\"elementor-widget-container\">\n\t\t\t\t\t<div class=\"elementor-button-wrapper\">\n\t\t\t<a href=\"#live\u00fcbertragung\" class=\"elementor-button-link elementor-button elementor-size-sm\" role=\"button\">\n\t\t\t\t\t\t<span class=\"elementor-button-content-wrapper\">\n\t\t\t\t\t\t<span class=\"elementor-button-text\">zum Stream<\/span>\n\t\t<\/span>\n\t\t\t\t\t<\/a>\n\t\t<\/div>\n\t\t\t\t<\/div>\n\t\t\t\t<\/div>\n\t\t\t\t\t<\/div>\n\t\t<\/div>\n\t\t\t\t<div class=\"elementor-column elementor-col-33 elementor-inner-column elementor-element elementor-element-d6d0e18\" data-id=\"d6d0e18\" data-element_type=\"column\">\n\t\t\t<div class=\"elementor-widget-wrap elementor-element-populated\">\n\t\t\t\t\t\t\t\t<div class=\"elementor-element elementor-element-2b0609b elementor-widget elementor-widget-image\" data-id=\"2b0609b\" data-element_type=\"widget\" data-widget_type=\"image.default\">\n\t\t\t\t<div class=\"elementor-widget-container\">\n\t\t\t\t\t<div class=\"elementor-image\">\n\t\t\t\t\t\t\t\t\t\t<img loading=\"lazy\" decoding=\"async\" width=\"768\" height=\"555\" src=\"https:\/\/yourgatetoevents.de\/arte\/wp-content\/uploads\/2021\/05\/image001-768x555.jpg\" class=\"attachment-medium_large size-medium_large\" alt=\"\" srcset=\"https:\/\/yourgatetoevents.de\/arte\/wp-content\/uploads\/2021\/05\/image001-768x555.jpg 768w, https:\/\/yourgatetoevents.de\/arte\/wp-content\/uploads\/2021\/05\/image001-300x217.jpg 300w, https:\/\/yourgatetoevents.de\/arte\/wp-content\/uploads\/2021\/05\/image001-1024x740.jpg 1024w, https:\/\/yourgatetoevents.de\/arte\/wp-content\/uploads\/2021\/05\/image001.jpg 1242w\" sizes=\"auto, (max-width: 768px) 100vw, 768px\" \/>\t\t\t\t\t\t\t\t\t\t\t<\/div>\n\t\t\t\t<\/div>\n\t\t\t\t<\/div>\n\t\t\t\t<div class=\"elementor-element elementor-element-b33d1c3 elementor-widget elementor-widget-heading\" data-id=\"b33d1c3\" data-element_type=\"widget\" data-widget_type=\"heading.default\">\n\t\t\t\t<div class=\"elementor-widget-container\">\n\t\t\t<p class=\"elementor-heading-title elementor-size-default\"> Bild \u00a9 Andres Serrano<\/p>\t\t<\/div>\n\t\t\t\t<\/div>\n\t\t\t\t\t<\/div>\n\t\t<\/div>\n\t\t\t\t\t\t\t<\/div>\n\t\t<\/section>\n\t\t\t\t\t<\/div>\n\t\t<\/div>\n\t\t\t\t\t\t\t<\/div>\n\t\t<\/section>\n\t\t\t\t<section class=\"elementor-section elementor-top-section elementor-element elementor-element-e143f98 elementor-section-boxed elementor-section-height-default elementor-section-height-default\" data-id=\"e143f98\" data-element_type=\"section\" id=\"\u00fcber_den_film\" data-settings=\"{&quot;background_background&quot;:&quot;classic&quot;}\">\n\t\t\t\t\t\t<div class=\"elementor-container elementor-column-gap-default\">\n\t\t\t\t\t<div class=\"elementor-column elementor-col-100 elementor-top-column elementor-element elementor-element-7e27a9d\" data-id=\"7e27a9d\" data-element_type=\"column\">\n\t\t\t<div class=\"elementor-widget-wrap elementor-element-populated\">\n\t\t\t\t\t\t\t\t<div class=\"elementor-element elementor-element-c66638b file_title elementor-widget elementor-widget-heading\" data-id=\"c66638b\" data-element_type=\"widget\" data-widget_type=\"heading.default\">\n\t\t\t\t<div class=\"elementor-widget-container\">\n\t\t\t<h2 class=\"elementor-heading-title elementor-size-default\">St\u00f6rfaktor Kunst<br>\n\n<span>Dreiteilige Serie von Nicola Graef und J\u00f6rg Jung, <\/br>ARTE\/MDR\/WDR 2021, 3x52 Min.\n<\/span>\n\n<\/h2>\t\t<\/div>\n\t\t\t\t<\/div>\n\t\t\t\t<div class=\"elementor-element elementor-element-7f66685 we_box elementor-widget elementor-widget-text-editor\" data-id=\"7f66685\" data-element_type=\"widget\" data-widget_type=\"text-editor.default\">\n\t\t\t\t<div class=\"elementor-widget-container\">\n\t\t\t\t\t<div class=\"elementor-text-editor elementor-clearfix\"><p>Wir leben in einer Zeit intensiver, zum Teil sehr aufgeheizter, gesellschaftspolitischer Debatten. Es geht um Macht und Politik. Um Religion und Glauben. Um Feminismus. Gen\u00fcgend Gr\u00fcnde f\u00fcr zeitgen\u00f6ssische K\u00fcnstler*innen, sich einzumischen und uns als Publikum zum Nachdenken zu bringen. Provokativ, offensiv und ungem\u00fctlich.<\/p><p>\u201eSt\u00f6rfaktor Kunst\u201c zeigt, dass die Kunst immer noch gen\u00fcgend Potential hat, sich mit ihren Gegnern anzulegen. Die dreiteilige Serie trifft die spannendsten Provokateur*innen unserer Zeit, darunter Ai Weiwei, Natalie Djurberg, Christian Jankowski, Shirin Neshat, Hermann Nitsch, Pussy Riot, Gregor Schneider, Santiago Sierra und das Zentrum f\u00fcr politische Sch\u00f6nheit.<\/p><p>Digitale Sneak Preview mit Ausschnitten aus den Filmen und Diskussion mit der Regisseurin und Produzentin Nicola Graef und den K\u00fcnstlern Christian Jankowski und Gregor Schneider.<br \/>Moderation: Tim Sommer (Chefredakteur ART \u2013 Das Kunstmagazin)<\/p><\/div>\n\t\t\t\t<\/div>\n\t\t\t\t<\/div>\n\t\t\t\t<div class=\"elementor-element elementor-element-0a18a42 elementor-hidden-desktop elementor-hidden-tablet elementor-hidden-phone elementor-position-top elementor-vertical-align-top elementor-widget elementor-widget-image-box\" data-id=\"0a18a42\" data-element_type=\"widget\" data-widget_type=\"image-box.default\">\n\t\t\t\t<div class=\"elementor-widget-container\">\n\t\t\t<div class=\"elementor-image-box-wrapper\"><figure class=\"elementor-image-box-img\"><img loading=\"lazy\" decoding=\"async\" width=\"512\" height=\"512\" src=\"https:\/\/yourgatetoevents.de\/arte\/wp-content\/uploads\/2021\/02\/pdf.png\" class=\"attachment-full size-full\" alt=\"\" srcset=\"https:\/\/yourgatetoevents.de\/arte\/wp-content\/uploads\/2021\/02\/pdf.png 512w, https:\/\/yourgatetoevents.de\/arte\/wp-content\/uploads\/2021\/02\/pdf-300x300.png 300w, https:\/\/yourgatetoevents.de\/arte\/wp-content\/uploads\/2021\/02\/pdf-150x150.png 150w\" sizes=\"auto, (max-width: 512px) 100vw, 512px\" \/><\/figure><div class=\"elementor-image-box-content\"><h3 class=\"elementor-image-box-title\">Filmpr\u00e4sentation<\/h3><\/div><\/div>\t\t<\/div>\n\t\t\t\t<\/div>\n\t\t\t\t\t<\/div>\n\t\t<\/div>\n\t\t\t\t\t\t\t<\/div>\n\t\t<\/section>\n\t\t\t\t<section class=\"elementor-section elementor-top-section elementor-element elementor-element-7ea51a6 elementor-section-boxed elementor-section-height-default elementor-section-height-default\" data-id=\"7ea51a6\" data-element_type=\"section\" id=\"live\u00fcbertragung\" data-settings=\"{&quot;background_background&quot;:&quot;classic&quot;}\">\n\t\t\t\t\t\t<div class=\"elementor-container elementor-column-gap-default\">\n\t\t\t\t\t<div class=\"elementor-column elementor-col-33 elementor-top-column elementor-element elementor-element-702b453\" data-id=\"702b453\" data-element_type=\"column\">\n\t\t\t<div class=\"elementor-widget-wrap\">\n\t\t\t\t\t\t\t\t\t<\/div>\n\t\t<\/div>\n\t\t\t\t<div class=\"elementor-column elementor-col-33 elementor-top-column elementor-element elementor-element-c35bd0f\" data-id=\"c35bd0f\" data-element_type=\"column\">\n\t\t\t<div class=\"elementor-widget-wrap elementor-element-populated\">\n\t\t\t\t\t\t\t\t<div class=\"elementor-element elementor-element-aaa96c8 video_title elementor-widget elementor-widget-heading\" data-id=\"aaa96c8\" data-element_type=\"widget\" data-widget_type=\"heading.default\">\n\t\t\t\t<div class=\"elementor-widget-container\">\n\t\t\t<h2 class=\"elementor-heading-title elementor-size-default\">Live\u00fcbertragung<\/h2>\t\t<\/div>\n\t\t\t\t<\/div>\n\t\t\t\t<div class=\"elementor-element elementor-element-621e212 elementor-widget elementor-widget-text-editor\" data-id=\"621e212\" data-element_type=\"widget\" data-widget_type=\"text-editor.default\">\n\t\t\t\t<div class=\"elementor-widget-container\">\n\t\t\t\t\t<div class=\"elementor-text-editor elementor-clearfix\"><div class=\"BorlabsCookie\"><div class=\"_brlbs-content-blocker\"> <div class=\"_brlbs-default\"> <p>Klicken Sie auf den unteren Button, um den Inhalt von playout.3qsdn.com zu laden.<\/p> <p><a class=\"_brlbs-btn\" href=\"#\" data-borlabs-cookie-unblock role=\"button\">Inhalt laden<\/a><\/p> <\/div> <\/div><div class=\"borlabs-hide\" data-borlabs-cookie-type=\"content-blocker\" data-borlabs-cookie-id=\"default\"><script type=\"text\/template\">PGlmcmFtZSBpZD0ianMzcTIwNzkyMzM5NjciIHRpdGxlPSIzUSBTRE4iIHdpZHRoPSI2NDBweCIgaGVpZ2h0PSIzNjBweCIgc3JjPSJodHRwczovL3BsYXlvdXQuM3FzZG4uY29tL2VtYmVkL2YzYjI3ODAwLWJhMDAtMTFlYi1iODM5LTBjYzQ3YTE4ODE1OCIgZnJhbWVib3JkZXI9IjAiIHNjcm9sbGluZz0ibm8iIGFsbG93ZnVsbHNjcmVlbj48L2lmcmFtZT4=<\/script><\/div><\/div><\/div>\n\t\t\t\t<\/div>\n\t\t\t\t<\/div>\n\t\t\t\t<div class=\"elementor-element elementor-element-223f781 elementor-widget elementor-widget-text-editor\" data-id=\"223f781\" data-element_type=\"widget\" data-widget_type=\"text-editor.default\">\n\t\t\t\t<div class=\"elementor-widget-container\">\n\t\t\t\t\t<div class=\"elementor-text-editor elementor-clearfix\"><p style=\"text-align: center;\"><strong><span style=\"color: #ffffff;\">Fragen? Schreiben Sie in den Chat \u2934<\/span><\/strong><\/p><\/div>\n\t\t\t\t<\/div>\n\t\t\t\t<\/div>\n\t\t\t\t\t<\/div>\n\t\t<\/div>\n\t\t\t\t<div class=\"elementor-column elementor-col-33 elementor-top-column elementor-element elementor-element-5daea2e\" data-id=\"5daea2e\" data-element_type=\"column\">\n\t\t\t<div class=\"elementor-widget-wrap\">\n\t\t\t\t\t\t\t\t\t<\/div>\n\t\t<\/div>\n\t\t\t\t\t\t\t<\/div>\n\t\t<\/section>\n\t\t\t\t<section class=\"elementor-section elementor-top-section elementor-element elementor-element-ac46af9 elementor-section-boxed elementor-section-height-default elementor-section-height-default\" data-id=\"ac46af9\" data-element_type=\"section\" data-settings=\"{&quot;background_background&quot;:&quot;classic&quot;}\">\n\t\t\t\t\t\t<div class=\"elementor-container elementor-column-gap-default\">\n\t\t\t\t\t<div class=\"elementor-column elementor-col-100 elementor-top-column elementor-element elementor-element-65b8390\" data-id=\"65b8390\" data-element_type=\"column\">\n\t\t\t<div class=\"elementor-widget-wrap elementor-element-populated\">\n\t\t\t\t\t\t\t\t<section class=\"elementor-section elementor-inner-section elementor-element elementor-element-ab86522 elementor-section-boxed elementor-section-height-default elementor-section-height-default\" data-id=\"ab86522\" data-element_type=\"section\">\n\t\t\t\t\t\t<div class=\"elementor-container elementor-column-gap-default\">\n\t\t\t\t\t<div class=\"elementor-column elementor-col-100 elementor-inner-column elementor-element elementor-element-c273d0c\" data-id=\"c273d0c\" data-element_type=\"column\">\n\t\t\t<div class=\"elementor-widget-wrap elementor-element-populated\">\n\t\t\t\t\t\t\t\t<div class=\"elementor-element elementor-element-93775ce elementor-widget elementor-widget-text-editor\" data-id=\"93775ce\" data-element_type=\"widget\" data-widget_type=\"text-editor.default\">\n\t\t\t\t<div class=\"elementor-widget-container\">\n\t\t\t\t\t<div class=\"elementor-text-editor elementor-clearfix\"><p>Ausstrahlung auf ARTE: 2. Juni 2021 ab 21.40 Uhr und auf arte.tv<\/p><\/div>\n\t\t\t\t<\/div>\n\t\t\t\t<\/div>\n\t\t\t\t\t<\/div>\n\t\t<\/div>\n\t\t\t\t\t\t\t<\/div>\n\t\t<\/section>\n\t\t\t\t\t<\/div>\n\t\t<\/div>\n\t\t\t\t\t\t\t<\/div>\n\t\t<\/section>\n\t\t\t\t<section class=\"elementor-section elementor-top-section elementor-element elementor-element-97b6e18 elementor-section-boxed elementor-section-height-default elementor-section-height-default\" data-id=\"97b6e18\" data-element_type=\"section\" data-settings=\"{&quot;background_background&quot;:&quot;classic&quot;}\">\n\t\t\t\t\t\t<div class=\"elementor-container elementor-column-gap-default\">\n\t\t\t\t\t<div class=\"elementor-column elementor-col-33 elementor-top-column elementor-element elementor-element-924ed26\" data-id=\"924ed26\" data-element_type=\"column\">\n\t\t\t<div class=\"elementor-widget-wrap elementor-element-populated\">\n\t\t\t\t\t\t\t\t<section class=\"elementor-section elementor-inner-section elementor-element elementor-element-ac810f6 elementor-section-boxed elementor-section-height-default elementor-section-height-default\" data-id=\"ac810f6\" data-element_type=\"section\">\n\t\t\t\t\t\t<div class=\"elementor-container elementor-column-gap-default\">\n\t\t\t\t\t<div class=\"elementor-column elementor-col-100 elementor-inner-column elementor-element elementor-element-ca3d697\" data-id=\"ca3d697\" data-element_type=\"column\">\n\t\t\t<div class=\"elementor-widget-wrap elementor-element-populated\">\n\t\t\t\t\t\t\t\t<div class=\"elementor-element elementor-element-ad6ca19 elementor-widget elementor-widget-text-editor\" data-id=\"ad6ca19\" data-element_type=\"widget\" data-widget_type=\"text-editor.default\">\n\t\t\t\t<div class=\"elementor-widget-container\">\n\t\t\t\t\t<div class=\"elementor-text-editor elementor-clearfix\"><p><span style=\"color: #ffffff;\">In Zusammenarbeit mit ART \u2013 Das Kunstmagazin<\/span><\/p><\/div>\n\t\t\t\t<\/div>\n\t\t\t\t<\/div>\n\t\t\t\t\t<\/div>\n\t\t<\/div>\n\t\t\t\t\t\t\t<\/div>\n\t\t<\/section>\n\t\t\t\t\t<\/div>\n\t\t<\/div>\n\t\t\t\t<div class=\"elementor-column elementor-col-33 elementor-top-column elementor-element elementor-element-f194f7c\" data-id=\"f194f7c\" data-element_type=\"column\">\n\t\t\t<div class=\"elementor-widget-wrap elementor-element-populated\">\n\t\t\t\t\t\t\t\t<div class=\"elementor-element elementor-element-5537bcd elementor-widget elementor-widget-image\" data-id=\"5537bcd\" data-element_type=\"widget\" data-widget_type=\"image.default\">\n\t\t\t\t<div class=\"elementor-widget-container\">\n\t\t\t\t\t<div class=\"elementor-image\">\n\t\t\t\t\t\t\t\t\t\t<img loading=\"lazy\" decoding=\"async\" width=\"882\" height=\"417\" src=\"https:\/\/yourgatetoevents.de\/arte\/wp-content\/uploads\/2021\/05\/arte-1-1.png\" class=\"attachment-full size-full\" alt=\"\" srcset=\"https:\/\/yourgatetoevents.de\/arte\/wp-content\/uploads\/2021\/05\/arte-1-1.png 882w, https:\/\/yourgatetoevents.de\/arte\/wp-content\/uploads\/2021\/05\/arte-1-1-300x142.png 300w, https:\/\/yourgatetoevents.de\/arte\/wp-content\/uploads\/2021\/05\/arte-1-1-768x363.png 768w\" sizes=\"auto, (max-width: 882px) 100vw, 882px\" \/>\t\t\t\t\t\t\t\t\t\t\t<\/div>\n\t\t\t\t<\/div>\n\t\t\t\t<\/div>\n\t\t\t\t\t<\/div>\n\t\t<\/div>\n\t\t\t\t<div class=\"elementor-column elementor-col-33 elementor-top-column elementor-element elementor-element-f407a5e\" data-id=\"f407a5e\" data-element_type=\"column\">\n\t\t\t<div class=\"elementor-widget-wrap\">\n\t\t\t\t\t\t\t\t\t<\/div>\n\t\t<\/div>\n\t\t\t\t\t\t\t<\/div>\n\t\t<\/section>\n\t\t\t\t\t\t<\/div>\n\t\t\t\t\t<\/div>\n\t\t","protected":false},"excerpt":{"rendered":"<p>SNEAK-PREVIEW St\u00f6rfaktor Kunst Dienstag, 25. Mai, 19 Uhr zum Stream Bild \u00a9 Andres Serrano St\u00f6rfaktor Kunst Dreiteilige Serie von Nicola Graef und J\u00f6rg Jung, ARTE\/MDR\/WDR 2021, 3&#215;52 Min. Wir leben in einer Zeit intensiver, zum Teil sehr aufgeheizter, gesellschaftspolitischer Debatten. Es geht um Macht und Politik. Um Religion und Glauben. Um Feminismus. Gen\u00fcgend Gr\u00fcnde f\u00fcr [&hellip;]<\/p>\n","protected":false},"author":1,"featured_media":0,"parent":0,"menu_order":0,"comment_status":"closed","ping_status":"closed","template":"","meta":{"footnotes":""},"class_list":["post-5","page","type-page","status-publish","hentry"],"_links":{"self":[{"href":"https:\/\/yourgatetoevents.de\/arte\/wp-json\/wp\/v2\/pages\/5","targetHints":{"allow":["GET"]}}],"collection":[{"href":"https:\/\/yourgatetoevents.de\/arte\/wp-json\/wp\/v2\/pages"}],"about":[{"href":"https:\/\/yourgatetoevents.de\/arte\/wp-json\/wp\/v2\/types\/page"}],"author":[{"embeddable":true,"href":"https:\/\/yourgatetoevents.de\/arte\/wp-json\/wp\/v2\/users\/1"}],"replies":[{"embeddable":true,"href":"https:\/\/yourgatetoevents.de\/arte\/wp-json\/wp\/v2\/comments?post=5"}],"version-history":[{"count":787,"href":"https:\/\/yourgatetoevents.de\/arte\/wp-json\/wp\/v2\/pages\/5\/revisions"}],"predecessor-version":[{"id":1106,"href":"https:\/\/yourgatetoevents.de\/arte\/wp-json\/wp\/v2\/pages\/5\/revisions\/1106"}],"wp:attachment":[{"href":"https:\/\/yourgatetoevents.de\/arte\/wp-json\/wp\/v2\/media?parent=5"}],"curies":[{"name":"wp","href":"https:\/\/api.w.org\/{rel}","templated":true}]}}