{"id":514,"date":"2021-02-22T09:09:30","date_gmt":"2021-02-22T09:09:30","guid":{"rendered":"http:\/\/yourgatetoevents.de\/arte\/?page_id=514"},"modified":"2021-02-22T10:58:39","modified_gmt":"2021-02-22T10:58:39","slug":"impressum","status":"publish","type":"page","link":"https:\/\/yourgatetoevents.de\/arte-arabischer-fruehling\/impressum\/","title":{"rendered":"Impressum"},"content":{"rendered":"\t\t<div data-elementor-type=\"wp-page\" data-elementor-id=\"514\" class=\"elementor elementor-514\" data-elementor-settings=\"[]\">\n\t\t\t\t\t\t\t<div class=\"elementor-section-wrap\">\n\t\t\t\t\t\t\t<section class=\"elementor-section elementor-top-section elementor-element elementor-element-f05e01e elementor-section-boxed elementor-section-height-default elementor-section-height-default\" data-id=\"f05e01e\" data-element_type=\"section\" data-settings=\"{&quot;background_background&quot;:&quot;classic&quot;}\">\n\t\t\t\t\t\t<div class=\"elementor-container elementor-column-gap-default\">\n\t\t\t\t\t<div class=\"elementor-column elementor-col-100 elementor-top-column elementor-element elementor-element-713ee22\" data-id=\"713ee22\" data-element_type=\"column\">\n\t\t\t<div class=\"elementor-widget-wrap elementor-element-populated\">\n\t\t\t\t\t\t\t\t<div class=\"elementor-element elementor-element-65ade76 elementor-widget elementor-widget-image\" data-id=\"65ade76\" data-element_type=\"widget\" data-widget_type=\"image.default\">\n\t\t\t\t<div class=\"elementor-widget-container\">\n\t\t\t\t\t<div class=\"elementor-image\">\n\t\t\t\t\t\t\t\t\t\t\t<a href=\"https:\/\/yourgatetoevents.de\/arte\/\">\n\t\t\t\t\t\t\t<img loading=\"lazy\" decoding=\"async\" width=\"300\" height=\"72\" src=\"https:\/\/yourgatetoevents.de\/arte-arabischer-fruehling\/wp-content\/uploads\/2021\/02\/logo-300x72.png\" class=\"attachment-medium size-medium\" alt=\"\" srcset=\"https:\/\/yourgatetoevents.de\/arte-arabischer-fruehling\/wp-content\/uploads\/2021\/02\/logo-300x72.png 300w, https:\/\/yourgatetoevents.de\/arte-arabischer-fruehling\/wp-content\/uploads\/2021\/02\/logo.png 500w\" sizes=\"auto, (max-width: 300px) 100vw, 300px\" \/>\t\t\t\t\t\t\t\t<\/a>\n\t\t\t\t\t\t\t\t\t\t\t<\/div>\n\t\t\t\t<\/div>\n\t\t\t\t<\/div>\n\t\t\t\t<div class=\"elementor-element elementor-element-9615e42 file_title elementor-widget elementor-widget-heading\" data-id=\"9615e42\" data-element_type=\"widget\" data-widget_type=\"heading.default\">\n\t\t\t\t<div class=\"elementor-widget-container\">\n\t\t\t<h2 class=\"elementor-heading-title elementor-size-default\">IMPRESSUM<\/h2>\t\t<\/div>\n\t\t\t\t<\/div>\n\t\t\t\t<div class=\"elementor-element elementor-element-3242d5a we_box elementor-widget elementor-widget-text-editor\" data-id=\"3242d5a\" data-element_type=\"widget\" data-widget_type=\"text-editor.default\">\n\t\t\t\t<div class=\"elementor-widget-container\">\n\t\t\t\t\t<div class=\"elementor-text-editor elementor-clearfix\"><div class=\"row justify-content-md-center\">\n<div class=\"col-md-10\">\n<div id=\"we1\" class=\"carousel slide\" data-ride=\"carousel\">\n<div class=\"carousel-inner\">\n<div class=\"carousel-item active\">\n<div class=\"container-fluid\">\n<div class=\"carousel-caption we1_do\">\n<div class=\"row\">\n<div class=\"col-md-12\">\n<div id=\"bo_ho\" class=\"we_box text_align_left\">\n<h2>Angaben gem\u00e4\u00df \u00a75 TMG:<\/h2>\n<p>GATE Eventmanagement &amp; Veranstaltungstechnik GmbH<br>Salzufer 13-14a<br>Aufgang D, 1. OG<br>10587 Berlin<\/p>\n<h2>Vertreten durch:<\/h2>\n<p>Gesch\u00e4ftsf\u00fchrer: Marcus Zurdo Butz<br>Prokuristin: Ira Zurdo Butz<\/p>\n<h2>Kontakt:<\/h2>\n<p>Tel: +49 (0)30 393 44 00<br>Fax: +49 (0)30 345 093 78<br>E-Mail: info@gate-av.de<\/p>\n<h2>Registereintrag:<\/h2>\n<p>Eintragung im Handelsregister<br>Registergericht: Amtsgericht Berlin-Charlottenburg<br>Registernummer: HRB 30845 B<\/p>\n<h2>Umsatzsteuer-ID:<\/h2>\n<p>Umsatzsteuer-Identifikationsnummer gem\u00e4\u00df \u00a727a Umsatzsteuergesetz: DE136685938<\/p>\n<h2>Verantwortlich f\u00fcr den Inhalt nach \u00a755 Abs. 2 RStV:<\/h2>\n<p>Marcus Zurdo Butz<br>Salzufer 13-14a<br>Aufgang D, 1. OG<br>10587 Berlin<\/p>\n<h2>Quellenangaben f\u00fcr die verwendeten Bilder und Grafiken<\/h2>\n<p>\u00a9 GATE | GATE Eventmanagement &amp; Veranstaltungstechnik GmbH<br>\u00a9 Sandra Wildemann | sandra wildemann fotogafie<br>\u00a9 andimartin | fotolia<br>\u00a9 hreniuca | fotolia<br>\u00a9 JFL Photography | fotolia<br>\u00a9 sonjanovak | fotolia<br>\u00a9 tailex | fotolia<br>\u00a9 Olexandr Taranukhin | shutterstock<\/p>\n<h2>Haftungsausschluss (Disclaimer)<\/h2>\n<h2>Haftung f\u00fcr Inhalte<\/h2>\n<p>Als Diensteanbieter sind wir gem\u00e4\u00df \u00a77 Abs.1 TMG f\u00fcr eigene Inhalte auf diesen Seiten nach den allgemeinen Gesetzen verantwortlich. Nach \u00a7\u00a78 bis 10 TMG sind wir als Diensteanbieter jedoch nicht verpflichtet, \u00fcbermittelte oder gespeicherte fremde Informationen zu \u00fcberwachen oder nach Umst\u00e4nden zu forschen, die auf eine rechtswidrige T\u00e4tigkeit hinweisen.<\/p>\n<p>Verpflichtungen zur Entfernung oder Sperrung der Nutzung von Informationen nach den allgemeinen Gesetzen bleiben hiervon unber\u00fchrt. Eine diesbez\u00fcgliche Haftung ist jedoch erst ab dem Zeitpunkt der Kenntnis einer konkreten Rechtsverletzung m\u00f6glich. Bei Bekanntwerden von entsprechenden Rechtsverletzungen werden wir diese Inhalte umgehend entfernen.<\/p>\n<h2>Haftung f\u00fcr Links<\/h2>\n<p>Unser Angebot enth\u00e4lt Links zu externen Webseiten Dritter, auf deren Inhalte wir keinen Einfluss haben. Deshalb k\u00f6nnen wir f\u00fcr diese fremden Inhalte auch keine Gew\u00e4hr \u00fcbernehmen. F\u00fcr die Inhalte der verlinkten Seiten ist stets der jeweilige Anbieter oder Betreiber der Seiten verantwortlich. Die verlinkten Seiten wurden zum Zeitpunkt der Verlinkung auf m\u00f6gliche Rechtsverst\u00f6\u00dfe \u00fcberpr\u00fcft. Rechtswidrige Inhalte waren zum Zeitpunkt der Verlinkung nicht erkennbar.<\/p>\n<p>Eine permanente inhaltliche Kontrolle der verlinkten Seiten ist jedoch ohne konkrete Anhaltspunkte einer Rechtsverletzung nicht zumutbar. Bei Bekanntwerden von Rechtsverletzungen werden wir derartige Links umgehend entfernen.<\/p>\n<h2>Urheberrecht<\/h2>\n<p>Die durch die Seitenbetreiber erstellten Inhalte und Werke auf diesen Seiten unterliegen dem deutschen Urheberrecht. Die Vervielf\u00e4ltigung, Bearbeitung, Verbreitung und jede Art der Verwertung au\u00dferhalb der Grenzen des Urheberrechtes bed\u00fcrfen der schriftlichen Zustimmung des jeweiligen Autors bzw. Erstellers. Downloads und Kopien dieser Seite sind nur f\u00fcr den privaten, nicht kommerziellen Gebrauch gestattet.<\/p>\n<p>Soweit die Inhalte auf dieser Seite nicht vom Betreiber erstellt wurden, werden die Urheberrechte Dritter beachtet. Insbesondere werden Inhalte Dritter als solche gekennzeichnet. Sollten Sie trotzdem auf eine Urheberrechtsverletzung aufmerksam werden, bitten wir um einen entsprechenden Hinweis. Bei Bekanntwerden von Rechtsverletzungen werden wir derartige Inhalte umgehend entfernen.<\/p>\n<p>Quelle:<a href=\"http:\/\/www.e-recht24.de\/\">http:\/\/www.e-recht24.de<\/a><\/p>\n<\/div>\n<\/div>\n<\/div>\n<\/div>\n<\/div>\n<\/div>\n<\/div>\n<\/div>\n<\/div>\n<\/div><\/div>\n\t\t\t\t<\/div>\n\t\t\t\t<\/div>\n\t\t\t\t\t<\/div>\n\t\t<\/div>\n\t\t\t\t\t\t\t<\/div>\n\t\t<\/section>\n\t\t\t\t\t\t<\/div>\n\t\t\t\t\t<\/div>\n\t\t","protected":false},"excerpt":{"rendered":"<p>IMPRESSUM Angaben gem\u00e4\u00df \u00a75 TMG: GATE Eventmanagement &amp; Veranstaltungstechnik GmbHSalzufer 13-14aAufgang D, 1. OG10587 Berlin Vertreten durch: Gesch\u00e4ftsf\u00fchrer: Marcus Zurdo ButzProkuristin: Ira Zurdo Butz Kontakt: Tel: +49 (0)30 393 44 00Fax: +49 (0)30 345 093 78E-Mail: info@gate-av.de Registereintrag: Eintragung im HandelsregisterRegistergericht: Amtsgericht Berlin-CharlottenburgRegisternummer: HRB 30845 B Umsatzsteuer-ID: Umsatzsteuer-Identifikationsnummer gem\u00e4\u00df \u00a727a Umsatzsteuergesetz: DE136685938 Verantwortlich f\u00fcr den [&hellip;]<\/p>\n","protected":false},"author":2,"featured_media":0,"parent":0,"menu_order":0,"comment_status":"closed","ping_status":"closed","template":"","meta":{"footnotes":""},"class_list":["post-514","page","type-page","status-publish","hentry"],"_links":{"self":[{"href":"https:\/\/yourgatetoevents.de\/arte-arabischer-fruehling\/wp-json\/wp\/v2\/pages\/514","targetHints":{"allow":["GET"]}}],"collection":[{"href":"https:\/\/yourgatetoevents.de\/arte-arabischer-fruehling\/wp-json\/wp\/v2\/pages"}],"about":[{"href":"https:\/\/yourgatetoevents.de\/arte-arabischer-fruehling\/wp-json\/wp\/v2\/types\/page"}],"author":[{"embeddable":true,"href":"https:\/\/yourgatetoevents.de\/arte-arabischer-fruehling\/wp-json\/wp\/v2\/users\/2"}],"replies":[{"embeddable":true,"href":"https:\/\/yourgatetoevents.de\/arte-arabischer-fruehling\/wp-json\/wp\/v2\/comments?post=514"}],"version-history":[{"count":32,"href":"https:\/\/yourgatetoevents.de\/arte-arabischer-fruehling\/wp-json\/wp\/v2\/pages\/514\/revisions"}],"predecessor-version":[{"id":613,"href":"https:\/\/yourgatetoevents.de\/arte-arabischer-fruehling\/wp-json\/wp\/v2\/pages\/514\/revisions\/613"}],"wp:attachment":[{"href":"https:\/\/yourgatetoevents.de\/arte-arabischer-fruehling\/wp-json\/wp\/v2\/media?parent=514"}],"curies":[{"name":"wp","href":"https:\/\/api.w.org\/{rel}","templated":true}]}}