{"id":5,"date":"2021-02-19T10:58:45","date_gmt":"2021-02-19T10:58:45","guid":{"rendered":"http:\/\/channel.demo.u-host.in\/?page_id=5"},"modified":"2021-04-26T11:44:23","modified_gmt":"2021-04-26T11:44:23","slug":"main-page","status":"publish","type":"page","link":"https:\/\/yourgatetoevents.de\/arte-arabischer-fruehling\/","title":{"rendered":"Main Page"},"content":{"rendered":"\t\t<div data-elementor-type=\"wp-page\" data-elementor-id=\"5\" class=\"elementor elementor-5\" data-elementor-settings=\"[]\">\n\t\t\t\t\t\t\t<div class=\"elementor-section-wrap\">\n\t\t\t\t\t\t\t<section class=\"elementor-section elementor-top-section elementor-element elementor-element-365841a elementor-section-height-full elementor-section-items-top elementor-section-boxed elementor-section-height-default\" data-id=\"365841a\" data-element_type=\"section\" id=\"filmpremiere\" data-settings=\"{&quot;background_background&quot;:&quot;classic&quot;}\">\n\t\t\t\t\t\t<div class=\"elementor-container elementor-column-gap-default\">\n\t\t\t\t\t<div class=\"elementor-column elementor-col-100 elementor-top-column elementor-element elementor-element-71f6448\" data-id=\"71f6448\" data-element_type=\"column\">\n\t\t\t<div class=\"elementor-widget-wrap elementor-element-populated\">\n\t\t\t\t\t\t\t\t<section class=\"elementor-section elementor-inner-section elementor-element elementor-element-62ede44 elementor-section-boxed elementor-section-height-default elementor-section-height-default\" data-id=\"62ede44\" data-element_type=\"section\">\n\t\t\t\t\t\t<div class=\"elementor-container elementor-column-gap-default\">\n\t\t\t\t\t<div class=\"elementor-column elementor-col-33 elementor-inner-column elementor-element elementor-element-2316b32\" data-id=\"2316b32\" data-element_type=\"column\">\n\t\t\t<div class=\"elementor-widget-wrap elementor-element-populated\">\n\t\t\t\t\t\t\t\t<div class=\"elementor-element elementor-element-1c05073 logo_main_screen elementor-widget elementor-widget-image\" data-id=\"1c05073\" data-element_type=\"widget\" data-widget_type=\"image.default\">\n\t\t\t\t<div class=\"elementor-widget-container\">\n\t\t\t\t\t<div class=\"elementor-image\">\n\t\t\t\t\t\t\t\t\t\t<img loading=\"lazy\" decoding=\"async\" width=\"43\" height=\"180\" src=\"https:\/\/yourgatetoevents.de\/arte-arabischer-fruehling\/wp-content\/uploads\/2021\/02\/logoVert-1.png\" class=\"attachment-large size-large\" alt=\"\" \/>\t\t\t\t\t\t\t\t\t\t\t<\/div>\n\t\t\t\t<\/div>\n\t\t\t\t<\/div>\n\t\t\t\t\t<\/div>\n\t\t<\/div>\n\t\t\t\t<div class=\"elementor-column elementor-col-33 elementor-inner-column elementor-element elementor-element-3f6a772\" data-id=\"3f6a772\" data-element_type=\"column\">\n\t\t\t<div class=\"elementor-widget-wrap elementor-element-populated\">\n\t\t\t\t\t\t\t\t<div class=\"elementor-element elementor-element-c88806e main_title elementor-widget elementor-widget-heading\" data-id=\"c88806e\" data-element_type=\"widget\" data-widget_type=\"heading.default\">\n\t\t\t\t<div class=\"elementor-widget-container\">\n\t\t\t<h1 class=\"elementor-heading-title elementor-size-default\">Symposium<\/h1>\t\t<\/div>\n\t\t\t\t<\/div>\n\t\t\t\t<div class=\"elementor-element elementor-element-3b50d18 elementor-widget elementor-widget-text-editor\" data-id=\"3b50d18\" data-element_type=\"widget\" data-widget_type=\"text-editor.default\">\n\t\t\t\t<div class=\"elementor-widget-container\">\n\t\t\t\t\t<div class=\"elementor-text-editor elementor-clearfix\"><p class=\"elementor-heading-title elementor-size-default\"><span style=\"color: #ffffff;\"><strong>Freitag, 23. April 2021 ab 14.15 Uhr<\/strong><\/span><\/p><\/div>\n\t\t\t\t<\/div>\n\t\t\t\t<\/div>\n\t\t\t\t<div class=\"elementor-element elementor-element-8777aa6 elementor-widget elementor-widget-text-editor\" data-id=\"8777aa6\" data-element_type=\"widget\" data-widget_type=\"text-editor.default\">\n\t\t\t\t<div class=\"elementor-widget-container\">\n\t\t\t\t\t<div class=\"elementor-text-editor elementor-clearfix\"><h3><span style=\"color: #ffffff;\">\u201eDas Erbe des Arabischen Fr\u00fchlings &#8211; <\/span><span style=\"color: #ffffff;\">Zwischen Aufbruch und Chaos\u201c<\/span><\/h3>\n<span style=\"color: #ffffff;\">Vor zehn Jahren ersch\u00fctterte eine Welle von Aufst\u00e4nden und Revolutionen die arabische Welt \u2013 mit weitreichenden Folgen f\u00fcr die Region, aber auch f\u00fcr Europa. In einem internationalen Symposium von ARTE und der ZEIT-Stiftung soll es um das \u201eErbe des Arabischen Fr\u00fchlings\u201c gehen.<\/span><\/div>\n\t\t\t\t<\/div>\n\t\t\t\t<\/div>\n\t\t\t\t<div class=\"elementor-element elementor-element-1f7ab6e elementor-widget elementor-widget-button\" data-id=\"1f7ab6e\" data-element_type=\"widget\" data-widget_type=\"button.default\">\n\t\t\t\t<div class=\"elementor-widget-container\">\n\t\t\t\t\t<div class=\"elementor-button-wrapper\">\n\t\t\t<a href=\"#live\u00fcbertragung\" class=\"elementor-button-link elementor-button elementor-size-sm\" role=\"button\">\n\t\t\t\t\t\t<span class=\"elementor-button-content-wrapper\">\n\t\t\t\t\t\t<span class=\"elementor-button-text\">zum Stream<\/span>\n\t\t<\/span>\n\t\t\t\t\t<\/a>\n\t\t<\/div>\n\t\t\t\t<\/div>\n\t\t\t\t<\/div>\n\t\t\t\t\t<\/div>\n\t\t<\/div>\n\t\t\t\t<div class=\"elementor-column elementor-col-33 elementor-inner-column elementor-element elementor-element-d6d0e18\" data-id=\"d6d0e18\" data-element_type=\"column\">\n\t\t\t<div class=\"elementor-widget-wrap elementor-element-populated\">\n\t\t\t\t\t\t\t\t<div class=\"elementor-element elementor-element-2b0609b elementor-widget elementor-widget-image\" data-id=\"2b0609b\" data-element_type=\"widget\" data-widget_type=\"image.default\">\n\t\t\t\t<div class=\"elementor-widget-container\">\n\t\t\t\t\t<div class=\"elementor-image\">\n\t\t\t\t\t\t\t\t\t\t<img loading=\"lazy\" decoding=\"async\" width=\"768\" height=\"637\" src=\"https:\/\/yourgatetoevents.de\/arte-arabischer-fruehling\/wp-content\/uploads\/2021\/04\/arabischer-fruehling.jpg\" class=\"attachment-medium_large size-medium_large\" alt=\"\" srcset=\"https:\/\/yourgatetoevents.de\/arte-arabischer-fruehling\/wp-content\/uploads\/2021\/04\/arabischer-fruehling.jpg 768w, https:\/\/yourgatetoevents.de\/arte-arabischer-fruehling\/wp-content\/uploads\/2021\/04\/arabischer-fruehling-300x249.jpg 300w\" sizes=\"auto, (max-width: 768px) 100vw, 768px\" \/>\t\t\t\t\t\t\t\t\t\t\t<\/div>\n\t\t\t\t<\/div>\n\t\t\t\t<\/div>\n\t\t\t\t<div class=\"elementor-element elementor-element-b33d1c3 elementor-widget elementor-widget-heading\" data-id=\"b33d1c3\" data-element_type=\"widget\" data-widget_type=\"heading.default\">\n\t\t\t\t<div class=\"elementor-widget-container\">\n\t\t\t<p class=\"elementor-heading-title elementor-size-default\">\u00a9 Ahmed Asad\/Apaimages\/Shutterstock<\/p>\t\t<\/div>\n\t\t\t\t<\/div>\n\t\t\t\t\t<\/div>\n\t\t<\/div>\n\t\t\t\t\t\t\t<\/div>\n\t\t<\/section>\n\t\t\t\t\t<\/div>\n\t\t<\/div>\n\t\t\t\t\t\t\t<\/div>\n\t\t<\/section>\n\t\t\t\t<section class=\"elementor-section elementor-top-section elementor-element elementor-element-e143f98 elementor-section-boxed elementor-section-height-default elementor-section-height-default\" data-id=\"e143f98\" data-element_type=\"section\" id=\"\u00fcber_den_film\" data-settings=\"{&quot;background_background&quot;:&quot;classic&quot;}\">\n\t\t\t\t\t\t<div class=\"elementor-container elementor-column-gap-default\">\n\t\t\t\t\t<div class=\"elementor-column elementor-col-100 elementor-top-column elementor-element elementor-element-7e27a9d\" data-id=\"7e27a9d\" data-element_type=\"column\">\n\t\t\t<div class=\"elementor-widget-wrap elementor-element-populated\">\n\t\t\t\t\t\t\t\t<div class=\"elementor-element elementor-element-7f66685 we_box elementor-widget elementor-widget-text-editor\" data-id=\"7f66685\" data-element_type=\"widget\" data-widget_type=\"text-editor.default\">\n\t\t\t\t<div class=\"elementor-widget-container\">\n\t\t\t\t\t<div class=\"elementor-text-editor elementor-clearfix\"><h3>Programm\u00fcbersicht<\/h3><p><strong>14:15-15:00 Uhr<br \/><\/strong><strong>Das Erbe des Arabischen Fr\u00fchlings \u2013 Zwischen Aufbruch und Chaos<\/strong><\/p><p>Begr\u00fc\u00dfung<\/p><p>Sascha Suhrke, Bereichsleiter Politik und Gesellschaft, ZEIT-Stiftung Ebelin und Gerd Bucerius<\/p><p>Ausschnitte aus der gleichnamigen ZDF\/ARTE-Dokumentation und Gespr\u00e4ch<br \/>(Ausstrahlung auf ARTE: 11. Mai 2021 um 20.15 Uhr)<\/p><p>Michael Richter, Regisseur<br \/>Sandra Maischberger, TV-Moderatorin und Produzentin Vincent Productions<\/p><p><strong>15:00-15:45 Uhr<br \/>Er\u00f6ffnung\/Gru\u00dfworte<br \/><\/strong><br \/>Amelie Deufelhard, Intendantin, Kampnagel, Hamburg<br \/>Michael G\u00f6ring, Vorsitzender des Vorstands, ZEIT-Stiftung Ebelin und Gerd Bucerius, Hamburg<br \/>Wolfgang Bergmann, Koordinator ARTE im ZDF und Gesch\u00e4ftsf\u00fchrer ARTE Deutschland<\/p><p>Er\u00f6ffnungsvortrag<br \/><strong>Ist Europa noch Vorreiter der Freiheit?<\/strong><\/p><p>Timothy Garton Ash, Professor of European Studies, University of Oxford, Oxford<\/p><p><strong>15:45-16:30 Uhr<br \/>Panel<\/strong> \u201e<strong>10 Jahre Arabischer Fr\u00fchling \u2013 Wo steht die arabische Welt heute?\u201c<\/strong><\/p><p>Wolfgang Ischinger, Vorsitzender M\u00fcnchner Sicherheitskonferenz<br \/>Gilles Kepel, Sozialwissenschaftler, Professor am Institut d\u2019\u00e9tudes politiques de Paris und Lehrstuhl f\u00fcr den Nahen Osten und den Mittelmeerraum der Paris Sciences et Lettres (PSL)<br \/>Volker Perthes, UN-Sonderbeauftragter f\u00fcr Sudan und Leiter der UN-Mission UNITAMS (United Nations Integrated Transition Assistance Mission in Sudan)<br \/>Rahel Schomaker, Professorin f\u00fcr VWL, Expertin f\u00fcr Systemwandel in der MENA-Region<\/p><p>Moderation: Sandra Maischberger, TV-Moderatorin, und Kamran Safiarian, TV-Journalist<\/p><p><strong>16:45-17:30 Uhr<br \/>Panel \u201eArabellion: Wie kann eine Revolution gelingen? How can a revolution succeed?\u201c<\/strong><br \/>(In englischer Sprache)<\/p><p>Daniel Gerlach, Chefredakteur Zenith, Nahost-Experte<br \/>Kim Ghattas, niederl\u00e4ndisch-libanesische Journalistin und Autorin<br \/>Joumana Haddad, libanesische Autorin, Feministin, Moderatorin<br \/>Emel Mathlouthi, tunesische S\u00e4ngerin und Stimme der Jasmin-Revolution<\/p><p>Moderation: Ali Aslan, Journalist und TV-Moderator<\/p><p><strong>17:30 Uhr<br \/>Gespr\u00e4ch \u00fcber Europa und das Erbe des Arabischen Fr\u00fchlings <\/strong><\/p><p>Heiko Maas, Bundesminister des Ausw\u00e4rtigen<br \/>Sandra Maischberger, TV-Moderatorin<\/p><p><span style=\"font-weight: normal !msorm;\"><strong>18:00 Uhr <\/strong><\/span><strong>Abschluss <\/strong><\/p><p>Wolfgang Bergmann, Koordinator ARTE im ZDF und Gesch\u00e4ftsf\u00fchrer ARTE Deutschland\u00a0<br \/>Sascha Suhrke, Bereichsleiter Politik und Gesellschaft, ZEIT-Stiftung Ebelin und Gerd Bucerius\u00a0<\/p><\/div>\n\t\t\t\t<\/div>\n\t\t\t\t<\/div>\n\t\t\t\t<div class=\"elementor-element elementor-element-0a18a42 elementor-hidden-desktop elementor-hidden-tablet elementor-hidden-phone elementor-position-top elementor-vertical-align-top elementor-widget elementor-widget-image-box\" data-id=\"0a18a42\" data-element_type=\"widget\" data-widget_type=\"image-box.default\">\n\t\t\t\t<div class=\"elementor-widget-container\">\n\t\t\t<div class=\"elementor-image-box-wrapper\"><figure class=\"elementor-image-box-img\"><img loading=\"lazy\" decoding=\"async\" width=\"512\" height=\"512\" src=\"https:\/\/yourgatetoevents.de\/arte-arabischer-fruehling\/wp-content\/uploads\/2021\/02\/pdf.png\" class=\"attachment-full size-full\" alt=\"\" srcset=\"https:\/\/yourgatetoevents.de\/arte-arabischer-fruehling\/wp-content\/uploads\/2021\/02\/pdf.png 512w, https:\/\/yourgatetoevents.de\/arte-arabischer-fruehling\/wp-content\/uploads\/2021\/02\/pdf-300x300.png 300w, https:\/\/yourgatetoevents.de\/arte-arabischer-fruehling\/wp-content\/uploads\/2021\/02\/pdf-150x150.png 150w\" sizes=\"auto, (max-width: 512px) 100vw, 512px\" \/><\/figure><div class=\"elementor-image-box-content\"><h3 class=\"elementor-image-box-title\">Filmpr\u00e4sentation<\/h3><\/div><\/div>\t\t<\/div>\n\t\t\t\t<\/div>\n\t\t\t\t\t<\/div>\n\t\t<\/div>\n\t\t\t\t\t\t\t<\/div>\n\t\t<\/section>\n\t\t\t\t<section class=\"elementor-section elementor-top-section elementor-element elementor-element-7ea51a6 elementor-section-boxed elementor-section-height-default elementor-section-height-default\" data-id=\"7ea51a6\" data-element_type=\"section\" id=\"live\u00fcbertragung\" data-settings=\"{&quot;background_background&quot;:&quot;classic&quot;}\">\n\t\t\t\t\t\t<div class=\"elementor-container elementor-column-gap-default\">\n\t\t\t\t\t<div class=\"elementor-column elementor-col-33 elementor-top-column elementor-element elementor-element-702b453\" data-id=\"702b453\" data-element_type=\"column\">\n\t\t\t<div class=\"elementor-widget-wrap\">\n\t\t\t\t\t\t\t\t\t<\/div>\n\t\t<\/div>\n\t\t\t\t<div class=\"elementor-column elementor-col-33 elementor-top-column elementor-element elementor-element-c35bd0f\" data-id=\"c35bd0f\" data-element_type=\"column\">\n\t\t\t<div class=\"elementor-widget-wrap elementor-element-populated\">\n\t\t\t\t\t\t\t\t<div class=\"elementor-element elementor-element-aaa96c8 video_title elementor-widget elementor-widget-heading\" data-id=\"aaa96c8\" data-element_type=\"widget\" data-widget_type=\"heading.default\">\n\t\t\t\t<div class=\"elementor-widget-container\">\n\t\t\t<h2 class=\"elementor-heading-title elementor-size-default\">Live\u00fcbertragung<\/h2>\t\t<\/div>\n\t\t\t\t<\/div>\n\t\t\t\t<div class=\"elementor-element elementor-element-621e212 elementor-widget elementor-widget-text-editor\" data-id=\"621e212\" data-element_type=\"widget\" data-widget_type=\"text-editor.default\">\n\t\t\t\t<div class=\"elementor-widget-container\">\n\t\t\t\t\t<div class=\"elementor-text-editor elementor-clearfix\"><\/div>\n\t\t\t\t<\/div>\n\t\t\t\t<\/div>\n\t\t\t\t\t<\/div>\n\t\t<\/div>\n\t\t\t\t<div class=\"elementor-column elementor-col-33 elementor-top-column elementor-element elementor-element-5daea2e\" data-id=\"5daea2e\" data-element_type=\"column\">\n\t\t\t<div class=\"elementor-widget-wrap\">\n\t\t\t\t\t\t\t\t\t<\/div>\n\t\t<\/div>\n\t\t\t\t\t\t\t<\/div>\n\t\t<\/section>\n\t\t\t\t<section class=\"elementor-section elementor-top-section elementor-element elementor-element-69948573 elementor-section-boxed elementor-section-height-default elementor-section-height-default\" data-id=\"69948573\" data-element_type=\"section\" id=\"kommentar_senden\" data-settings=\"{&quot;background_background&quot;:&quot;classic&quot;}\">\n\t\t\t\t\t\t<div class=\"elementor-container elementor-column-gap-default\">\n\t\t\t\t\t<div class=\"elementor-column elementor-col-100 elementor-top-column elementor-element elementor-element-554d56d7\" data-id=\"554d56d7\" data-element_type=\"column\">\n\t\t\t<div class=\"elementor-widget-wrap elementor-element-populated\">\n\t\t\t\t\t\t\t\t<div class=\"elementor-element elementor-element-3c1b732f comment_title elementor-widget elementor-widget-heading\" data-id=\"3c1b732f\" data-element_type=\"widget\" data-widget_type=\"heading.default\">\n\t\t\t\t<div class=\"elementor-widget-container\">\n\t\t\t<h2 class=\"elementor-heading-title elementor-size-default\">Kommentar senden<\/h2>\t\t<\/div>\n\t\t\t\t<\/div>\n\t\t\t\t<div class=\"elementor-element elementor-element-7847ba9f elementor-widget elementor-widget-shortcode\" data-id=\"7847ba9f\" data-element_type=\"widget\" data-widget_type=\"shortcode.default\">\n\t\t\t\t<div class=\"elementor-widget-container\">\n\t\t\t\t\t<div class=\"elementor-shortcode\"><div role=\"form\" class=\"wpcf7\" id=\"wpcf7-f6-o1\" lang=\"en-US\" dir=\"ltr\">\n<div class=\"screen-reader-response\"><p role=\"status\" aria-live=\"polite\" aria-atomic=\"true\"><\/p> <ul><\/ul><\/div>\n<form action=\"\/arte-arabischer-fruehling\/wp-json\/wp\/v2\/pages\/5#wpcf7-f6-o1\" method=\"post\" class=\"wpcf7-form init\" novalidate=\"novalidate\" data-status=\"init\">\n<div style=\"display: none;\">\n<input type=\"hidden\" name=\"_wpcf7\" value=\"6\" \/>\n<input type=\"hidden\" name=\"_wpcf7_version\" value=\"5.4\" \/>\n<input type=\"hidden\" name=\"_wpcf7_locale\" value=\"en_US\" \/>\n<input type=\"hidden\" name=\"_wpcf7_unit_tag\" value=\"wpcf7-f6-o1\" \/>\n<input type=\"hidden\" name=\"_wpcf7_container_post\" value=\"0\" \/>\n<input type=\"hidden\" name=\"_wpcf7_posted_data_hash\" value=\"\" \/>\n<\/div>\n<p><span class=\"wpcf7-form-control-wrap your-message\"><textarea name=\"your-message\" cols=\"40\" rows=\"10\" class=\"wpcf7-form-control wpcf7-textarea\" aria-invalid=\"false\" placeholder=\"Message\"><\/textarea><\/span> <\/p>\n<p><input type=\"submit\" value=\"Absenden\" class=\"wpcf7-form-control wpcf7-submit\" \/><\/p>\n<div class=\"wpcf7-response-output\" aria-hidden=\"true\"><\/div><\/form><\/div><\/div>\n\t\t\t\t<\/div>\n\t\t\t\t<\/div>\n\t\t\t\t\t<\/div>\n\t\t<\/div>\n\t\t\t\t\t\t\t<\/div>\n\t\t<\/section>\n\t\t\t\t<section class=\"elementor-section elementor-top-section elementor-element elementor-element-ac46af9 elementor-section-boxed elementor-section-height-default elementor-section-height-default\" data-id=\"ac46af9\" data-element_type=\"section\" data-settings=\"{&quot;background_background&quot;:&quot;classic&quot;}\">\n\t\t\t\t\t\t<div class=\"elementor-container elementor-column-gap-default\">\n\t\t\t\t\t<div class=\"elementor-column elementor-col-33 elementor-top-column elementor-element elementor-element-65b8390\" data-id=\"65b8390\" data-element_type=\"column\">\n\t\t\t<div class=\"elementor-widget-wrap elementor-element-populated\">\n\t\t\t\t\t\t\t\t<section class=\"elementor-section elementor-inner-section elementor-element elementor-element-ab86522 elementor-section-boxed elementor-section-height-default elementor-section-height-default\" data-id=\"ab86522\" data-element_type=\"section\">\n\t\t\t\t\t\t<div class=\"elementor-container elementor-column-gap-default\">\n\t\t\t\t\t<div class=\"elementor-column elementor-col-100 elementor-inner-column elementor-element elementor-element-c273d0c\" data-id=\"c273d0c\" data-element_type=\"column\">\n\t\t\t<div class=\"elementor-widget-wrap elementor-element-populated\">\n\t\t\t\t\t\t\t\t<div class=\"elementor-element elementor-element-93775ce elementor-widget elementor-widget-text-editor\" data-id=\"93775ce\" data-element_type=\"widget\" data-widget_type=\"text-editor.default\">\n\t\t\t\t<div class=\"elementor-widget-container\">\n\t\t\t\t\t<div class=\"elementor-text-editor elementor-clearfix\"><p>Ausstrahlung der Dokumentation auf ARTE am 11. Mai um 20.15 Uhr \u2013 und auf arte.tv<\/p><p>Eine Veranstaltung in Kooperation mit der Zeit-Stiftung<\/p><\/div>\n\t\t\t\t<\/div>\n\t\t\t\t<\/div>\n\t\t\t\t\t<\/div>\n\t\t<\/div>\n\t\t\t\t\t\t\t<\/div>\n\t\t<\/section>\n\t\t\t\t\t<\/div>\n\t\t<\/div>\n\t\t\t\t<div class=\"elementor-column elementor-col-33 elementor-top-column elementor-element elementor-element-f194f7c\" data-id=\"f194f7c\" data-element_type=\"column\">\n\t\t\t<div class=\"elementor-widget-wrap elementor-element-populated\">\n\t\t\t\t\t\t\t\t<div class=\"elementor-element elementor-element-5537bcd elementor-widget elementor-widget-image\" data-id=\"5537bcd\" data-element_type=\"widget\" data-widget_type=\"image.default\">\n\t\t\t\t<div class=\"elementor-widget-container\">\n\t\t\t\t\t<div class=\"elementor-image\">\n\t\t\t\t\t\t\t\t\t\t<img loading=\"lazy\" decoding=\"async\" width=\"2664\" height=\"1488\" src=\"https:\/\/yourgatetoevents.de\/arte-arabischer-fruehling\/wp-content\/uploads\/2021\/04\/logo_zeit-stiftung_2c-negative_rgb.png\" class=\"attachment-full size-full\" alt=\"\" srcset=\"https:\/\/yourgatetoevents.de\/arte-arabischer-fruehling\/wp-content\/uploads\/2021\/04\/logo_zeit-stiftung_2c-negative_rgb.png 2664w, https:\/\/yourgatetoevents.de\/arte-arabischer-fruehling\/wp-content\/uploads\/2021\/04\/logo_zeit-stiftung_2c-negative_rgb-300x168.png 300w, https:\/\/yourgatetoevents.de\/arte-arabischer-fruehling\/wp-content\/uploads\/2021\/04\/logo_zeit-stiftung_2c-negative_rgb-1024x572.png 1024w, https:\/\/yourgatetoevents.de\/arte-arabischer-fruehling\/wp-content\/uploads\/2021\/04\/logo_zeit-stiftung_2c-negative_rgb-768x429.png 768w, https:\/\/yourgatetoevents.de\/arte-arabischer-fruehling\/wp-content\/uploads\/2021\/04\/logo_zeit-stiftung_2c-negative_rgb-1536x858.png 1536w, https:\/\/yourgatetoevents.de\/arte-arabischer-fruehling\/wp-content\/uploads\/2021\/04\/logo_zeit-stiftung_2c-negative_rgb-2048x1144.png 2048w\" sizes=\"auto, (max-width: 2664px) 100vw, 2664px\" \/>\t\t\t\t\t\t\t\t\t\t\t<\/div>\n\t\t\t\t<\/div>\n\t\t\t\t<\/div>\n\t\t\t\t\t<\/div>\n\t\t<\/div>\n\t\t\t\t<div class=\"elementor-column elementor-col-33 elementor-top-column elementor-element elementor-element-b9a732c\" data-id=\"b9a732c\" data-element_type=\"column\">\n\t\t\t<div class=\"elementor-widget-wrap\">\n\t\t\t\t\t\t\t\t\t<\/div>\n\t\t<\/div>\n\t\t\t\t\t\t\t<\/div>\n\t\t<\/section>\n\t\t\t\t\t\t<\/div>\n\t\t\t\t\t<\/div>\n\t\t","protected":false},"excerpt":{"rendered":"<p>Symposium Freitag, 23. April 2021 ab 14.15 Uhr \u201eDas Erbe des Arabischen Fr\u00fchlings &#8211; Zwischen Aufbruch und Chaos\u201c Vor zehn Jahren ersch\u00fctterte eine Welle von Aufst\u00e4nden und Revolutionen die arabische Welt \u2013 mit weitreichenden Folgen f\u00fcr die Region, aber auch f\u00fcr Europa. In einem internationalen Symposium von ARTE und der ZEIT-Stiftung soll es um das [&hellip;]<\/p>\n","protected":false},"author":2,"featured_media":0,"parent":0,"menu_order":0,"comment_status":"closed","ping_status":"closed","template":"","meta":{"footnotes":""},"class_list":["post-5","page","type-page","status-publish","hentry"],"_links":{"self":[{"href":"https:\/\/yourgatetoevents.de\/arte-arabischer-fruehling\/wp-json\/wp\/v2\/pages\/5","targetHints":{"allow":["GET"]}}],"collection":[{"href":"https:\/\/yourgatetoevents.de\/arte-arabischer-fruehling\/wp-json\/wp\/v2\/pages"}],"about":[{"href":"https:\/\/yourgatetoevents.de\/arte-arabischer-fruehling\/wp-json\/wp\/v2\/types\/page"}],"author":[{"embeddable":true,"href":"https:\/\/yourgatetoevents.de\/arte-arabischer-fruehling\/wp-json\/wp\/v2\/users\/2"}],"replies":[{"embeddable":true,"href":"https:\/\/yourgatetoevents.de\/arte-arabischer-fruehling\/wp-json\/wp\/v2\/comments?post=5"}],"version-history":[{"count":744,"href":"https:\/\/yourgatetoevents.de\/arte-arabischer-fruehling\/wp-json\/wp\/v2\/pages\/5\/revisions"}],"predecessor-version":[{"id":1087,"href":"https:\/\/yourgatetoevents.de\/arte-arabischer-fruehling\/wp-json\/wp\/v2\/pages\/5\/revisions\/1087"}],"wp:attachment":[{"href":"https:\/\/yourgatetoevents.de\/arte-arabischer-fruehling\/wp-json\/wp\/v2\/media?parent=5"}],"curies":[{"name":"wp","href":"https:\/\/api.w.org\/{rel}","templated":true}]}}